{"id":373,"date":"2023-09-27T17:03:05","date_gmt":"2023-09-27T17:03:05","guid":{"rendered":"https:\/\/ircacasabierta.org\/?page_id=373"},"modified":"2023-11-24T14:46:05","modified_gmt":"2023-11-24T20:46:05","slug":"historia","status":"publish","type":"page","link":"https:\/\/ircacasabierta.org\/en\/historia\/","title":{"rendered":"Historia"},"content":{"rendered":"<div data-elementor-type=\"wp-post\" data-elementor-id=\"373\" class=\"elementor elementor-373\" data-elementor-post-type=\"page\">\n\t\t\t\t<div class=\"elementor-element elementor-element-d6c705e e-transform e-flex e-con-boxed elementor-invisible e-con e-parent\" data-id=\"d6c705e\" data-element_type=\"container\" data-e-type=\"container\" data-settings=\"{&quot;background_background&quot;:&quot;classic&quot;,&quot;animation&quot;:&quot;fadeIn&quot;,&quot;_transform_translateX_effect&quot;:{&quot;unit&quot;:&quot;px&quot;,&quot;size&quot;:&quot;&quot;,&quot;sizes&quot;:[]},&quot;_transform_translateX_effect_tablet&quot;:{&quot;unit&quot;:&quot;px&quot;,&quot;size&quot;:&quot;&quot;,&quot;sizes&quot;:[]},&quot;_transform_translateX_effect_mobile&quot;:{&quot;unit&quot;:&quot;px&quot;,&quot;size&quot;:&quot;&quot;,&quot;sizes&quot;:[]},&quot;_transform_translateY_effect&quot;:{&quot;unit&quot;:&quot;px&quot;,&quot;size&quot;:&quot;&quot;,&quot;sizes&quot;:[]},&quot;_transform_translateY_effect_tablet&quot;:{&quot;unit&quot;:&quot;px&quot;,&quot;size&quot;:&quot;&quot;,&quot;sizes&quot;:[]},&quot;_transform_translateY_effect_mobile&quot;:{&quot;unit&quot;:&quot;px&quot;,&quot;size&quot;:&quot;&quot;,&quot;sizes&quot;:[]}}\">\n\t\t\t\t\t<div class=\"e-con-inner\">\n\t\t\t\t<div class=\"elementor-element elementor-element-72d61ff e-transform elementor-widget elementor-widget-heading\" data-id=\"72d61ff\" data-element_type=\"widget\" data-e-type=\"widget\" data-settings=\"{&quot;_transform_translateY_effect&quot;:{&quot;unit&quot;:&quot;px&quot;,&quot;size&quot;:93,&quot;sizes&quot;:[]},&quot;_transform_translateX_effect&quot;:{&quot;unit&quot;:&quot;px&quot;,&quot;size&quot;:&quot;&quot;,&quot;sizes&quot;:[]},&quot;_transform_translateX_effect_tablet&quot;:{&quot;unit&quot;:&quot;px&quot;,&quot;size&quot;:&quot;&quot;,&quot;sizes&quot;:[]},&quot;_transform_translateX_effect_mobile&quot;:{&quot;unit&quot;:&quot;px&quot;,&quot;size&quot;:&quot;&quot;,&quot;sizes&quot;:[]},&quot;_transform_translateY_effect_tablet&quot;:{&quot;unit&quot;:&quot;px&quot;,&quot;size&quot;:&quot;&quot;,&quot;sizes&quot;:[]},&quot;_transform_translateY_effect_mobile&quot;:{&quot;unit&quot;:&quot;px&quot;,&quot;size&quot;:&quot;&quot;,&quot;sizes&quot;:[]}}\" data-widget_type=\"heading.default\">\n\t\t\t\t<div class=\"elementor-widget-container\">\n\t\t\t\t\t<h1 class=\"elementor-heading-title elementor-size-default\">Historia<\/h1>\t\t\t\t<\/div>\n\t\t\t\t<\/div>\n\t\t\t\t\t<\/div>\n\t\t\t\t<\/div>\n\t\t<div class=\"elementor-element elementor-element-8345ebf e-flex e-con-boxed e-con e-parent\" data-id=\"8345ebf\" data-element_type=\"container\" data-e-type=\"container\">\n\t\t\t\t\t<div class=\"e-con-inner\">\n\t\t\t\t<div class=\"elementor-element elementor-element-556c25e elementor-invisible elementor-widget elementor-widget-image\" data-id=\"556c25e\" data-element_type=\"widget\" data-e-type=\"widget\" data-settings=\"{&quot;_animation&quot;:&quot;fadeInLeft&quot;}\" data-widget_type=\"image.default\">\n\t\t\t\t<div class=\"elementor-widget-container\">\n\t\t\t\t\t\t\t\t\t\t\t\t\t\t\t<img fetchpriority=\"high\" decoding=\"async\" width=\"683\" height=\"1024\" src=\"https:\/\/ircacasabierta.org\/wp-content\/uploads\/2023\/10\/IMG_9203-683x1024.jpg\" class=\"attachment-large size-large wp-image-8505\" alt=\"\" srcset=\"https:\/\/ircacasabierta.org\/wp-content\/uploads\/2023\/10\/IMG_9203-683x1024.jpg 683w, https:\/\/ircacasabierta.org\/wp-content\/uploads\/2023\/10\/IMG_9203-200x300.jpg 200w, https:\/\/ircacasabierta.org\/wp-content\/uploads\/2023\/10\/IMG_9203-768x1151.jpg 768w, https:\/\/ircacasabierta.org\/wp-content\/uploads\/2023\/10\/IMG_9203-1025x1536.jpg 1025w, https:\/\/ircacasabierta.org\/wp-content\/uploads\/2023\/10\/IMG_9203-1366x2048.jpg 1366w, https:\/\/ircacasabierta.org\/wp-content\/uploads\/2023\/10\/IMG_9203-scaled.jpg 1708w\" sizes=\"(max-width: 683px) 100vw, 683px\" title=\"\" \/>\t\t\t\t\t\t\t\t\t\t\t\t\t\t\t<\/div>\n\t\t\t\t<\/div>\n\t\t\t\t\t<\/div>\n\t\t\t\t<\/div>\n\t\t<div class=\"elementor-element elementor-element-e91dbc2 e-flex e-con-boxed e-con e-parent\" data-id=\"e91dbc2\" data-element_type=\"container\" data-e-type=\"container\">\n\t\t\t\t\t<div class=\"e-con-inner\">\n\t\t<div class=\"elementor-element elementor-element-aa0f515 e-con-full e-flex e-con e-child\" data-id=\"aa0f515\" data-element_type=\"container\" data-e-type=\"container\">\n\t\t<div class=\"elementor-element elementor-element-3d6c8fb e-grid e-con-boxed e-con e-child\" data-id=\"3d6c8fb\" data-element_type=\"container\" data-e-type=\"container\">\n\t\t\t\t\t<div class=\"e-con-inner\">\n\t\t\t\t<div class=\"elementor-element elementor-element-d546e9d elementor-widget__width-initial e-transform elementor-invisible elementor-widget elementor-widget-text-editor\" data-id=\"d546e9d\" data-element_type=\"widget\" data-e-type=\"widget\" data-settings=\"{&quot;_transform_translateY_effect_mobile&quot;:{&quot;unit&quot;:&quot;px&quot;,&quot;size&quot;:-81,&quot;sizes&quot;:[]},&quot;_animation&quot;:&quot;fadeIn&quot;,&quot;_transform_translateX_effect&quot;:{&quot;unit&quot;:&quot;px&quot;,&quot;size&quot;:&quot;&quot;,&quot;sizes&quot;:[]},&quot;_transform_translateX_effect_tablet&quot;:{&quot;unit&quot;:&quot;px&quot;,&quot;size&quot;:&quot;&quot;,&quot;sizes&quot;:[]},&quot;_transform_translateX_effect_mobile&quot;:{&quot;unit&quot;:&quot;px&quot;,&quot;size&quot;:&quot;&quot;,&quot;sizes&quot;:[]},&quot;_transform_translateY_effect&quot;:{&quot;unit&quot;:&quot;px&quot;,&quot;size&quot;:&quot;&quot;,&quot;sizes&quot;:[]},&quot;_transform_translateY_effect_tablet&quot;:{&quot;unit&quot;:&quot;px&quot;,&quot;size&quot;:&quot;&quot;,&quot;sizes&quot;:[]}}\" data-widget_type=\"text-editor.default\">\n\t\t\t\t<div class=\"elementor-widget-container\">\n\t\t\t\t\t\t\t\t\t<p><span style=\"font-weight: bold;\">IRCA CASABIERTA<\/span>&nbsp;<span style=\"font-weight: bold;\">nace como Comunidad Casabierta desde el a\u00f1o 2013<\/span>, fue un proyecto que empez\u00f3 a desarrollarse con acciones de protecci\u00f3n y apoyo para personas defensoras de Derechos Humanos LGBTIQ, que llegan a Costa Rica en desplazamiento forzado.&nbsp;<\/p>\n<p>Esto se convirti\u00f3 en el objetivo fundamental de la historia personal del fundador, quien es un hombre gay hondure\u00f1o que se vio obligado a migrar hacia Costa Rica y pedir protecci\u00f3n internacional, producto de la persecuci\u00f3n por su activismo LGBTIQ siendo, adem\u00e1s, testigo de al menos un homicidio por esa causa, esto lo convirti\u00f3 en la primera persona que se le otorga la condici\u00f3n de refugio por su vulnerabilidad como persona sexualmente diversa en Costa Rica.<\/p>\n<p>Con el pasar de los a\u00f1os, diferentes personas se han unido a este esfuerzo y los proyectos y aspiraciones han encontrado eco en organizaciones nacionales e internacionales, que han brindado su apoyo a IRCA CASABIERTA. Aunado a esto, la situaci\u00f3n ha sido visibilizada en los \u00faltimos a\u00f1os con mayor ah\u00ednco y preocupaci\u00f3n, dadas los cientos de homicidios y otras formas de violencia contra las poblaciones LGBTIQ en la regi\u00f3n centroamericana, por lo que no es casual ni antojadizo el flujo de la migraci\u00f3n LGBTIQ.<\/p>\n<p>Durante los \u00faltimos a\u00f1os, IRCA CASABIERTA no solo se inscribe oficialmente como organizaci\u00f3n formal, sino que tambi\u00e9n logra recabar un bagaje importante de informaci\u00f3n y experiencia en materia en desplazamiento forzado LGBTIQ, a partir de las investigaciones propias y ajenas, los informes y las realidades de las poblaciones en sus pa\u00edses de origen y, sobre todo, el conocimiento que nace de las historias de vida de las poblaciones de inter\u00e9s. Hoy el Instituto sobre Migraci\u00f3n y Refugio LGBTIQ para Centroam\u00e9rica, IRCA CASABIERTA, es el referente nacional e internacional, cuya obligaci\u00f3n es generar l\u00ednea de pensamiento y acci\u00f3n en la protecci\u00f3n de los derechos de las personas LGBTIQ migrantes y en desplazamiento forzado, consecuentemente con un contexto de necesidades y vulnerabilidades que generan el proceso migratorio.<\/p>\n<p><b style=\"text-align: var(--text-align); background-color: var( --e-global-color-c696dce ); font-size: 1rem;\">Dennis Castillo Fuentes<br><\/b><b style=\"text-align: var(--text-align); font-size: 1rem; background-color: var( --e-global-color-c696dce );\">Director Ejecutivo<\/b><\/p>\t\t\t\t\t\t\t\t<\/div>\n\t\t\t\t<\/div>\n\t\t\t\t\t<\/div>\n\t\t\t\t<\/div>\n\t\t\t\t<\/div>\n\t\t\t\t\t<\/div>\n\t\t\t\t<\/div>\n\t\t\t\t<\/div>","protected":false},"excerpt":{"rendered":"<p>Historia IRCA CASABIERTA&nbsp;nace como Comunidad Casabierta desde el a\u00f1o 2013, fue un proyecto que empez\u00f3 a desarrollarse con acciones de protecci\u00f3n y apoyo para personas defensoras de Derechos Humanos LGBTIQ, que llegan a Costa Rica en desplazamiento forzado.&nbsp; Esto se convirti\u00f3 en el objetivo fundamental de la historia personal del fundador, quien es un hombre<\/p>","protected":false},"author":1,"featured_media":0,"parent":0,"menu_order":0,"comment_status":"closed","ping_status":"closed","template":"","meta":{"_rtcl_gb_attr":"","footnotes":""},"class_list":["post-373","page","type-page","status-publish","hentry"],"yoast_head":"<!-- This site is optimized with the Yoast SEO plugin v27.1.1 - https:\/\/yoast.com\/product\/yoast-seo-wordpress\/ -->\n<title>Historia - IRCA CASABIERTA<\/title>\n<meta name=\"robots\" content=\"index, follow, max-snippet:-1, max-image-preview:large, max-video-preview:-1\" \/>\n<link rel=\"canonical\" href=\"https:\/\/ircacasabierta.org\/en\/historia\/\" \/>\n<meta property=\"og:locale\" content=\"en_US\" \/>\n<meta property=\"og:type\" content=\"article\" \/>\n<meta property=\"og:title\" content=\"Historia - IRCA CASABIERTA\" \/>\n<meta property=\"og:description\" content=\"Historia IRCA CASABIERTA&nbsp;nace como Comunidad Casabierta desde el a\u00f1o 2013, fue un proyecto que empez\u00f3 a desarrollarse con acciones de protecci\u00f3n y apoyo para personas defensoras de Derechos Humanos LGBTIQ, que llegan a Costa Rica en desplazamiento forzado.&nbsp; Esto se convirti\u00f3 en el objetivo fundamental de la historia personal del fundador, quien es un hombre\" \/>\n<meta property=\"og:url\" content=\"https:\/\/ircacasabierta.org\/en\/historia\/\" \/>\n<meta property=\"og:site_name\" content=\"IRCA CASABIERTA\" \/>\n<meta property=\"article:publisher\" content=\"https:\/\/www.facebook.com\/IRCA.CASABIERTA\" \/>\n<meta property=\"article:modified_time\" content=\"2023-11-24T20:46:05+00:00\" \/>\n<meta property=\"og:image\" content=\"https:\/\/ircacasabierta.org\/wp-content\/uploads\/2023\/10\/IMG_9203-683x1024.jpg\" \/>\n<meta name=\"twitter:card\" content=\"summary_large_image\" \/>\n<meta name=\"twitter:site\" content=\"@ICasabierta\" \/>\n<meta name=\"twitter:label1\" content=\"Est. reading time\" \/>\n\t<meta name=\"twitter:data1\" content=\"2 minutes\" \/>\n<script type=\"application\/ld+json\" class=\"yoast-schema-graph\">{\"@context\":\"https:\/\/schema.org\",\"@graph\":[{\"@type\":\"WebPage\",\"@id\":\"https:\/\/ircacasabierta.org\/historia\/\",\"url\":\"https:\/\/ircacasabierta.org\/historia\/\",\"name\":\"Historia - IRCA CASABIERTA\",\"isPartOf\":{\"@id\":\"https:\/\/ircacasabierta.org\/#website\"},\"primaryImageOfPage\":{\"@id\":\"https:\/\/ircacasabierta.org\/historia\/#primaryimage\"},\"image\":{\"@id\":\"https:\/\/ircacasabierta.org\/historia\/#primaryimage\"},\"thumbnailUrl\":\"https:\/\/ircacasabierta.org\/wp-content\/uploads\/2023\/10\/IMG_9203-683x1024.jpg\",\"datePublished\":\"2023-09-27T17:03:05+00:00\",\"dateModified\":\"2023-11-24T20:46:05+00:00\",\"breadcrumb\":{\"@id\":\"https:\/\/ircacasabierta.org\/historia\/#breadcrumb\"},\"inLanguage\":\"en-US\",\"potentialAction\":[{\"@type\":\"ReadAction\",\"target\":[\"https:\/\/ircacasabierta.org\/historia\/\"]}]},{\"@type\":\"ImageObject\",\"inLanguage\":\"en-US\",\"@id\":\"https:\/\/ircacasabierta.org\/historia\/#primaryimage\",\"url\":\"https:\/\/ircacasabierta.org\/wp-content\/uploads\/2023\/10\/IMG_9203-683x1024.jpg\",\"contentUrl\":\"https:\/\/ircacasabierta.org\/wp-content\/uploads\/2023\/10\/IMG_9203-683x1024.jpg\"},{\"@type\":\"BreadcrumbList\",\"@id\":\"https:\/\/ircacasabierta.org\/historia\/#breadcrumb\",\"itemListElement\":[{\"@type\":\"ListItem\",\"position\":1,\"name\":\"Portada\",\"item\":\"https:\/\/ircacasabierta.org\/\"},{\"@type\":\"ListItem\",\"position\":2,\"name\":\"Historia\"}]},{\"@type\":\"WebSite\",\"@id\":\"https:\/\/ircacasabierta.org\/#website\",\"url\":\"https:\/\/ircacasabierta.org\/\",\"name\":\"IRCA CASABIERTA\",\"description\":\"Instituto sobre Migraci\u00f3n y Refugio LGBTIQ para Centroam\u00e9rica\",\"publisher\":{\"@id\":\"https:\/\/ircacasabierta.org\/#organization\"},\"potentialAction\":[{\"@type\":\"SearchAction\",\"target\":{\"@type\":\"EntryPoint\",\"urlTemplate\":\"https:\/\/ircacasabierta.org\/?s={search_term_string}\"},\"query-input\":{\"@type\":\"PropertyValueSpecification\",\"valueRequired\":true,\"valueName\":\"search_term_string\"}}],\"inLanguage\":\"en-US\"},{\"@type\":\"Organization\",\"@id\":\"https:\/\/ircacasabierta.org\/#organization\",\"name\":\"IRCA CASABIERTA\",\"url\":\"https:\/\/ircacasabierta.org\/\",\"logo\":{\"@type\":\"ImageObject\",\"inLanguage\":\"en-US\",\"@id\":\"https:\/\/ircacasabierta.org\/#\/schema\/logo\/image\/\",\"url\":\"https:\/\/ircacasabierta.org\/wp-content\/uploads\/2023\/09\/LOGOTIPO-IRCA-CASABIERTA-COMPLETO.png\",\"contentUrl\":\"https:\/\/ircacasabierta.org\/wp-content\/uploads\/2023\/09\/LOGOTIPO-IRCA-CASABIERTA-COMPLETO.png\",\"width\":1651,\"height\":474,\"caption\":\"IRCA CASABIERTA\"},\"image\":{\"@id\":\"https:\/\/ircacasabierta.org\/#\/schema\/logo\/image\/\"},\"sameAs\":[\"https:\/\/www.facebook.com\/IRCA.CASABIERTA\",\"https:\/\/x.com\/ICasabierta\",\"https:\/\/www.instagram.com\/ircacasabierta\/\"]}]}<\/script>\n<!-- \/ Yoast SEO plugin. -->","yoast_head_json":{"title":"Historia - IRCA CASABIERTA","robots":{"index":"index","follow":"follow","max-snippet":"max-snippet:-1","max-image-preview":"max-image-preview:large","max-video-preview":"max-video-preview:-1"},"canonical":"https:\/\/ircacasabierta.org\/en\/historia\/","og_locale":"en_US","og_type":"article","og_title":"Historia - IRCA CASABIERTA","og_description":"Historia IRCA CASABIERTA&nbsp;nace como Comunidad Casabierta desde el a\u00f1o 2013, fue un proyecto que empez\u00f3 a desarrollarse con acciones de protecci\u00f3n y apoyo para personas defensoras de Derechos Humanos LGBTIQ, que llegan a Costa Rica en desplazamiento forzado.&nbsp; Esto se convirti\u00f3 en el objetivo fundamental de la historia personal del fundador, quien es un hombre","og_url":"https:\/\/ircacasabierta.org\/en\/historia\/","og_site_name":"IRCA CASABIERTA","article_publisher":"https:\/\/www.facebook.com\/IRCA.CASABIERTA","article_modified_time":"2023-11-24T20:46:05+00:00","og_image":[{"url":"https:\/\/ircacasabierta.org\/wp-content\/uploads\/2023\/10\/IMG_9203-683x1024.jpg","type":"","width":"","height":""}],"twitter_card":"summary_large_image","twitter_site":"@ICasabierta","twitter_misc":{"Est. reading time":"2 minutes"},"schema":{"@context":"https:\/\/schema.org","@graph":[{"@type":"WebPage","@id":"https:\/\/ircacasabierta.org\/historia\/","url":"https:\/\/ircacasabierta.org\/historia\/","name":"Historia - IRCA CASABIERTA","isPartOf":{"@id":"https:\/\/ircacasabierta.org\/#website"},"primaryImageOfPage":{"@id":"https:\/\/ircacasabierta.org\/historia\/#primaryimage"},"image":{"@id":"https:\/\/ircacasabierta.org\/historia\/#primaryimage"},"thumbnailUrl":"https:\/\/ircacasabierta.org\/wp-content\/uploads\/2023\/10\/IMG_9203-683x1024.jpg","datePublished":"2023-09-27T17:03:05+00:00","dateModified":"2023-11-24T20:46:05+00:00","breadcrumb":{"@id":"https:\/\/ircacasabierta.org\/historia\/#breadcrumb"},"inLanguage":"en-US","potentialAction":[{"@type":"ReadAction","target":["https:\/\/ircacasabierta.org\/historia\/"]}]},{"@type":"ImageObject","inLanguage":"en-US","@id":"https:\/\/ircacasabierta.org\/historia\/#primaryimage","url":"https:\/\/ircacasabierta.org\/wp-content\/uploads\/2023\/10\/IMG_9203-683x1024.jpg","contentUrl":"https:\/\/ircacasabierta.org\/wp-content\/uploads\/2023\/10\/IMG_9203-683x1024.jpg"},{"@type":"BreadcrumbList","@id":"https:\/\/ircacasabierta.org\/historia\/#breadcrumb","itemListElement":[{"@type":"ListItem","position":1,"name":"Portada","item":"https:\/\/ircacasabierta.org\/"},{"@type":"ListItem","position":2,"name":"Historia"}]},{"@type":"WebSite","@id":"https:\/\/ircacasabierta.org\/#website","url":"https:\/\/ircacasabierta.org\/","name":"IRCA CASABIERTA","description":"Instituto sobre Migraci\u00f3n y Refugio LGBTIQ para Centroam\u00e9rica","publisher":{"@id":"https:\/\/ircacasabierta.org\/#organization"},"potentialAction":[{"@type":"SearchAction","target":{"@type":"EntryPoint","urlTemplate":"https:\/\/ircacasabierta.org\/?s={search_term_string}"},"query-input":{"@type":"PropertyValueSpecification","valueRequired":true,"valueName":"search_term_string"}}],"inLanguage":"en-US"},{"@type":"Organization","@id":"https:\/\/ircacasabierta.org\/#organization","name":"IRCA CASABIERTA","url":"https:\/\/ircacasabierta.org\/","logo":{"@type":"ImageObject","inLanguage":"en-US","@id":"https:\/\/ircacasabierta.org\/#\/schema\/logo\/image\/","url":"https:\/\/ircacasabierta.org\/wp-content\/uploads\/2023\/09\/LOGOTIPO-IRCA-CASABIERTA-COMPLETO.png","contentUrl":"https:\/\/ircacasabierta.org\/wp-content\/uploads\/2023\/09\/LOGOTIPO-IRCA-CASABIERTA-COMPLETO.png","width":1651,"height":474,"caption":"IRCA CASABIERTA"},"image":{"@id":"https:\/\/ircacasabierta.org\/#\/schema\/logo\/image\/"},"sameAs":["https:\/\/www.facebook.com\/IRCA.CASABIERTA","https:\/\/x.com\/ICasabierta","https:\/\/www.instagram.com\/ircacasabierta\/"]}]}},"_links":{"self":[{"href":"https:\/\/ircacasabierta.org\/en\/wp-json\/wp\/v2\/pages\/373","targetHints":{"allow":["GET"]}}],"collection":[{"href":"https:\/\/ircacasabierta.org\/en\/wp-json\/wp\/v2\/pages"}],"about":[{"href":"https:\/\/ircacasabierta.org\/en\/wp-json\/wp\/v2\/types\/page"}],"author":[{"embeddable":true,"href":"https:\/\/ircacasabierta.org\/en\/wp-json\/wp\/v2\/users\/1"}],"replies":[{"embeddable":true,"href":"https:\/\/ircacasabierta.org\/en\/wp-json\/wp\/v2\/comments?post=373"}],"version-history":[{"count":25,"href":"https:\/\/ircacasabierta.org\/en\/wp-json\/wp\/v2\/pages\/373\/revisions"}],"predecessor-version":[{"id":10582,"href":"https:\/\/ircacasabierta.org\/en\/wp-json\/wp\/v2\/pages\/373\/revisions\/10582"}],"wp:attachment":[{"href":"https:\/\/ircacasabierta.org\/en\/wp-json\/wp\/v2\/media?parent=373"}],"curies":[{"name":"wp","href":"https:\/\/api.w.org\/{rel}","templated":true}]}}