{"id":36,"date":"2023-09-19T22:13:56","date_gmt":"2023-09-19T22:13:56","guid":{"rendered":"https:\/\/ircacasabierta.org\/services\/"},"modified":"2023-11-24T14:08:32","modified_gmt":"2023-11-24T20:08:32","slug":"services","status":"publish","type":"page","link":"https:\/\/ircacasabierta.org\/en\/services\/","title":{"rendered":"Services"},"content":{"rendered":"<div data-elementor-type=\"wp-page\" data-elementor-id=\"36\" class=\"elementor elementor-36\" data-elementor-post-type=\"page\">\n\t\t\t\t<div class=\"elementor-element elementor-element-4a49af32 e-flex e-con-boxed e-con e-parent\" data-id=\"4a49af32\" data-element_type=\"container\" data-e-type=\"container\">\n\t\t\t\t\t<div class=\"e-con-inner\">\n\t\t\t\t<div class=\"elementor-element elementor-element-7b475196 elementor-cta--layout-image-right elementor-cta--valign-middle elementor-cta--mobile-layout-image-above elementor-cta--skin-classic elementor-animated-content elementor-bg-transform elementor-bg-transform-zoom-in elementor-widget elementor-widget-call-to-action\" data-id=\"7b475196\" data-element_type=\"widget\" data-e-type=\"widget\" id=\"service_1\" data-widget_type=\"call-to-action.default\">\n\t\t\t\t<div class=\"elementor-widget-container\">\n\t\t\t\t\t\t\t<a class=\"elementor-cta\" href=\"https:\/\/ircacasabierta.org\/en\/veeduria-social\/\">\n\t\t\t\t\t<div class=\"elementor-cta__bg-wrapper\">\n\t\t\t\t<div class=\"elementor-cta__bg elementor-bg\" style=\"background-image: url(https:\/\/ircacasabierta.org\/wp-content\/uploads\/2023\/10\/iconos-nuevos-01.png);\" role=\"img\" aria-label=\"iconos nuevos-01\"><\/div>\n\t\t\t\t<div class=\"elementor-cta__bg-overlay\"><\/div>\n\t\t\t<\/div>\n\t\t\t\t\t\t\t<div class=\"elementor-cta__content\">\n\t\t\t\t\n\t\t\t\t\t\t\t\t\t<h4 class=\"elementor-cta__title elementor-cta__content-item elementor-content-item\">\n\t\t\t\t\t\tVeedur\u00eda social\t\t\t\t\t<\/h4>\n\t\t\t\t\n\t\t\t\t\t\t\t\t\t<div class=\"elementor-cta__description elementor-cta__content-item elementor-content-item\">\n\t\t\t\t\t\tEs el primer paso de la Ruta de Atenci\u00f3n de los Servicios Esenciales que brinda IRCA CASABIERTA. Realiza la entrevista inicial y se encarga del proceso de restituci\u00f3n de los derechos de las poblaciones LGBTIQ+, solicitante de refugio, refugiada o migrante en las instituciones p\u00fablicas, privadas y todas aquellas instancias a la que la poblaci\u00f3n necesite acceder\nen Costa Rica.\t\t\t\t\t<\/div>\n\t\t\t\t\n\t\t\t\t\t\t\t<\/div>\n\t\t\t\t\t\t<\/a>\n\t\t\t\t\t\t<\/div>\n\t\t\t\t<\/div>\n\t\t\t\t<div class=\"elementor-element elementor-element-4b6cc7cf elementor-cta--layout-image-left elementor-cta--valign-middle elementor-cta--mobile-layout-image-above elementor-cta--skin-classic elementor-animated-content elementor-bg-transform elementor-bg-transform-zoom-in elementor-widget elementor-widget-call-to-action\" data-id=\"4b6cc7cf\" data-element_type=\"widget\" data-e-type=\"widget\" id=\"service_4\" data-widget_type=\"call-to-action.default\">\n\t\t\t\t<div class=\"elementor-widget-container\">\n\t\t\t\t\t\t\t<a class=\"elementor-cta\" href=\"https:\/\/ircacasabierta.org\/en\/trabajo-social\/\">\n\t\t\t\t\t<div class=\"elementor-cta__bg-wrapper\">\n\t\t\t\t<div class=\"elementor-cta__bg elementor-bg\" style=\"background-image: url(https:\/\/ircacasabierta.org\/wp-content\/uploads\/2023\/10\/iconos-nuevos-05.png);\" role=\"img\" aria-label=\"iconos nuevos-05\"><\/div>\n\t\t\t\t<div class=\"elementor-cta__bg-overlay\"><\/div>\n\t\t\t<\/div>\n\t\t\t\t\t\t\t<div class=\"elementor-cta__content\">\n\t\t\t\t\n\t\t\t\t\t\t\t\t\t<h4 class=\"elementor-cta__title elementor-cta__content-item elementor-content-item\">\n\t\t\t\t\t\tTrabajo Social\t\t\t\t\t<\/h4>\n\t\t\t\t\n\t\t\t\t\t\t\t\t\t<div class=\"elementor-cta__description elementor-cta__content-item elementor-content-item\">\n\t\t\t\t\t\tHace la valoraci\u00f3n social a la posible poblaci\u00f3n de inter\u00e9s que solicita servicios en IRCA CASABIERTA, con el objetivo de identificar necesidades, construir un plan de intervenci\u00f3n y\ngestionar recursos de apoyo en coordinaci\u00f3n con las diferentes \u00e1reas de la organizaci\u00f3n.\t\t\t\t\t<\/div>\n\t\t\t\t\n\t\t\t\t\t\t\t<\/div>\n\t\t\t\t\t\t<\/a>\n\t\t\t\t\t\t<\/div>\n\t\t\t\t<\/div>\n\t\t\t\t<div class=\"elementor-element elementor-element-4a6e221 elementor-cta--layout-image-left elementor-cta--valign-middle elementor-cta--mobile-layout-image-above elementor-cta--skin-classic elementor-animated-content elementor-bg-transform elementor-bg-transform-zoom-in elementor-widget elementor-widget-call-to-action\" data-id=\"4a6e221\" data-element_type=\"widget\" data-e-type=\"widget\" id=\"service_2\" data-widget_type=\"call-to-action.default\">\n\t\t\t\t<div class=\"elementor-widget-container\">\n\t\t\t\t\t\t\t<a class=\"elementor-cta\" href=\"https:\/\/ircacasabierta.org\/en\/area-legal\/\">\n\t\t\t\t\t<div class=\"elementor-cta__bg-wrapper\">\n\t\t\t\t<div class=\"elementor-cta__bg elementor-bg\" style=\"background-image: url(https:\/\/ircacasabierta.org\/wp-content\/uploads\/2023\/10\/iconos-nuevos-02.png);\" role=\"img\" aria-label=\"iconos nuevos-02\"><\/div>\n\t\t\t\t<div class=\"elementor-cta__bg-overlay\"><\/div>\n\t\t\t<\/div>\n\t\t\t\t\t\t\t<div class=\"elementor-cta__content\">\n\t\t\t\t\n\t\t\t\t\t\t\t\t\t<h4 class=\"elementor-cta__title elementor-cta__content-item elementor-content-item\">\n\t\t\t\t\t\tAsesor\u00eda legal\t\t\t\t\t<\/h4>\n\t\t\t\t\n\t\t\t\t\t\t\t\t\t<div class=\"elementor-cta__description elementor-cta__content-item elementor-content-item\">\n\t\t\t\t\t\tEl \u00e1rea legal proporciona informaci\u00f3n esencial a la poblaci\u00f3n LGBTIQ+ en desplazamiento forzado, acerca de los procesos de solicitud de refugio y otras categor\u00edas que mejor se adapten a su proceso de regularizaci\u00f3n migratoria.\n\t\t\t\t\t<\/div>\n\t\t\t\t\n\t\t\t\t\t\t\t<\/div>\n\t\t\t\t\t\t<\/a>\n\t\t\t\t\t\t<\/div>\n\t\t\t\t<\/div>\n\t\t\t\t<div class=\"elementor-element elementor-element-38fca0c1 elementor-cta--layout-image-right elementor-cta--valign-middle elementor-cta--mobile-layout-image-above elementor-cta--skin-classic elementor-animated-content elementor-bg-transform elementor-bg-transform-zoom-in elementor-widget elementor-widget-call-to-action\" data-id=\"38fca0c1\" data-element_type=\"widget\" data-e-type=\"widget\" id=\"service_3\" data-widget_type=\"call-to-action.default\">\n\t\t\t\t<div class=\"elementor-widget-container\">\n\t\t\t\t\t\t\t<a class=\"elementor-cta\" href=\"https:\/\/ircacasabierta.org\/en\/psicologia\/\">\n\t\t\t\t\t<div class=\"elementor-cta__bg-wrapper\">\n\t\t\t\t<div class=\"elementor-cta__bg elementor-bg\" style=\"background-image: url(https:\/\/ircacasabierta.org\/wp-content\/uploads\/2023\/10\/iconos-nuevos-09.png);\" role=\"img\" aria-label=\"iconos nuevos-09\"><\/div>\n\t\t\t\t<div class=\"elementor-cta__bg-overlay\"><\/div>\n\t\t\t<\/div>\n\t\t\t\t\t\t\t<div class=\"elementor-cta__content\">\n\t\t\t\t\n\t\t\t\t\t\t\t\t\t<h4 class=\"elementor-cta__title elementor-cta__content-item elementor-content-item\">\n\t\t\t\t\t\tPsicolog\u00eda\t\t\t\t\t<\/h4>\n\t\t\t\t\n\t\t\t\t\t\t\t\t\t<div class=\"elementor-cta__description elementor-cta__content-item elementor-content-item\">\n\t\t\t\t\t\tLleva a cabo la atenci\u00f3n cl\u00ednica psicol\u00f3gica e intervenci\u00f3n para la poblaci\u00f3n de inter\u00e9s, adem\u00e1s de la creaci\u00f3n y desarrollo de grupos de apoyo para la poblaci\u00f3n de inter\u00e9s.\t\t\t\t\t<\/div>\n\t\t\t\t\n\t\t\t\t\t\t\t<\/div>\n\t\t\t\t\t\t<\/a>\n\t\t\t\t\t\t<\/div>\n\t\t\t\t<\/div>\n\t\t\t\t<div class=\"elementor-element elementor-element-6aedf27 elementor-cta--layout-image-right elementor-cta--valign-middle elementor-cta--mobile-layout-image-above elementor-cta--skin-classic elementor-animated-content elementor-bg-transform elementor-bg-transform-zoom-in elementor-widget elementor-widget-call-to-action\" data-id=\"6aedf27\" data-element_type=\"widget\" data-e-type=\"widget\" id=\"service_5\" data-widget_type=\"call-to-action.default\">\n\t\t\t\t<div class=\"elementor-widget-container\">\n\t\t\t\t\t\t\t<a class=\"elementor-cta\" href=\"https:\/\/ircacasabierta.org\/en\/centro-de-integracion-y-desarrollo\/\">\n\t\t\t\t\t<div class=\"elementor-cta__bg-wrapper\">\n\t\t\t\t<div class=\"elementor-cta__bg elementor-bg\" style=\"background-image: url(https:\/\/ircacasabierta.org\/wp-content\/uploads\/2023\/10\/iconos-nuevos-10.png);\" role=\"img\" aria-label=\"iconos nuevos-10\"><\/div>\n\t\t\t\t<div class=\"elementor-cta__bg-overlay\"><\/div>\n\t\t\t<\/div>\n\t\t\t\t\t\t\t<div class=\"elementor-cta__content\">\n\t\t\t\t\n\t\t\t\t\t\t\t\t\t<h4 class=\"elementor-cta__title elementor-cta__content-item elementor-content-item\">\n\t\t\t\t\t\tCentro de Integraci\u00f3n y desarrollo C.I.D\t\t\t\t\t<\/h4>\n\t\t\t\t\n\t\t\t\t\t\t\t\t\t<div class=\"elementor-cta__description elementor-cta__content-item elementor-content-item\">\n\t\t\t\t\t\tA short paragraph describing exactly what this service offers and how it helps clients. This is your chance to convince the visitor that your business is the right choice for them. \t\t\t\t\t<\/div>\n\t\t\t\t\n\t\t\t\t\t\t\t<\/div>\n\t\t\t\t\t\t<\/a>\n\t\t\t\t\t\t<\/div>\n\t\t\t\t<\/div>\n\t\t\t\t\t<\/div>\n\t\t\t\t<\/div>\n\t\t\t\t<\/div>","protected":false},"excerpt":{"rendered":"<p>Veedur\u00eda social Es el primer paso de la Ruta de Atenci\u00f3n de los Servicios Esenciales que brinda IRCA CASABIERTA. Realiza la entrevista inicial y se encarga del proceso de restituci\u00f3n de los derechos de las poblaciones LGBTIQ+, solicitante de refugio, refugiada o migrante en las instituciones p\u00fablicas, privadas y todas aquellas instancias a la que<\/p>","protected":false},"author":1,"featured_media":0,"parent":0,"menu_order":0,"comment_status":"closed","ping_status":"closed","template":"elementor_header_footer","meta":{"_rtcl_gb_attr":"","footnotes":""},"class_list":["post-36","page","type-page","status-publish","hentry"],"yoast_head":"<!-- This site is optimized with the Yoast SEO plugin v27.1.1 - https:\/\/yoast.com\/product\/yoast-seo-wordpress\/ -->\n<title>Services - IRCA CASABIERTA<\/title>\n<meta name=\"robots\" content=\"index, follow, max-snippet:-1, max-image-preview:large, max-video-preview:-1\" \/>\n<link rel=\"canonical\" href=\"https:\/\/ircacasabierta.org\/en\/services\/\" \/>\n<meta property=\"og:locale\" content=\"en_US\" \/>\n<meta property=\"og:type\" content=\"article\" \/>\n<meta property=\"og:title\" content=\"Services - IRCA CASABIERTA\" \/>\n<meta property=\"og:description\" content=\"Veedur\u00eda social Es el primer paso de la Ruta de Atenci\u00f3n de los Servicios Esenciales que brinda IRCA CASABIERTA. Realiza la entrevista inicial y se encarga del proceso de restituci\u00f3n de los derechos de las poblaciones LGBTIQ+, solicitante de refugio, refugiada o migrante en las instituciones p\u00fablicas, privadas y todas aquellas instancias a la que\" \/>\n<meta property=\"og:url\" content=\"https:\/\/ircacasabierta.org\/en\/services\/\" \/>\n<meta property=\"og:site_name\" content=\"IRCA CASABIERTA\" \/>\n<meta property=\"article:publisher\" content=\"https:\/\/www.facebook.com\/IRCA.CASABIERTA\" \/>\n<meta property=\"article:modified_time\" content=\"2023-11-24T20:08:32+00:00\" \/>\n<meta name=\"twitter:card\" content=\"summary_large_image\" \/>\n<meta name=\"twitter:site\" content=\"@ICasabierta\" \/>\n<meta name=\"twitter:label1\" content=\"Est. reading time\" \/>\n\t<meta name=\"twitter:data1\" content=\"1 minute\" \/>\n<script type=\"application\/ld+json\" class=\"yoast-schema-graph\">{\"@context\":\"https:\/\/schema.org\",\"@graph\":[{\"@type\":\"WebPage\",\"@id\":\"https:\/\/ircacasabierta.org\/services\/\",\"url\":\"https:\/\/ircacasabierta.org\/services\/\",\"name\":\"Services - IRCA CASABIERTA\",\"isPartOf\":{\"@id\":\"https:\/\/ircacasabierta.org\/#website\"},\"datePublished\":\"2023-09-19T22:13:56+00:00\",\"dateModified\":\"2023-11-24T20:08:32+00:00\",\"breadcrumb\":{\"@id\":\"https:\/\/ircacasabierta.org\/services\/#breadcrumb\"},\"inLanguage\":\"en-US\",\"potentialAction\":[{\"@type\":\"ReadAction\",\"target\":[\"https:\/\/ircacasabierta.org\/services\/\"]}]},{\"@type\":\"BreadcrumbList\",\"@id\":\"https:\/\/ircacasabierta.org\/services\/#breadcrumb\",\"itemListElement\":[{\"@type\":\"ListItem\",\"position\":1,\"name\":\"Portada\",\"item\":\"https:\/\/ircacasabierta.org\/\"},{\"@type\":\"ListItem\",\"position\":2,\"name\":\"Services\"}]},{\"@type\":\"WebSite\",\"@id\":\"https:\/\/ircacasabierta.org\/#website\",\"url\":\"https:\/\/ircacasabierta.org\/\",\"name\":\"IRCA CASABIERTA\",\"description\":\"Instituto sobre Migraci\u00f3n y Refugio LGBTIQ para Centroam\u00e9rica\",\"publisher\":{\"@id\":\"https:\/\/ircacasabierta.org\/#organization\"},\"potentialAction\":[{\"@type\":\"SearchAction\",\"target\":{\"@type\":\"EntryPoint\",\"urlTemplate\":\"https:\/\/ircacasabierta.org\/?s={search_term_string}\"},\"query-input\":{\"@type\":\"PropertyValueSpecification\",\"valueRequired\":true,\"valueName\":\"search_term_string\"}}],\"inLanguage\":\"en-US\"},{\"@type\":\"Organization\",\"@id\":\"https:\/\/ircacasabierta.org\/#organization\",\"name\":\"IRCA CASABIERTA\",\"url\":\"https:\/\/ircacasabierta.org\/\",\"logo\":{\"@type\":\"ImageObject\",\"inLanguage\":\"en-US\",\"@id\":\"https:\/\/ircacasabierta.org\/#\/schema\/logo\/image\/\",\"url\":\"https:\/\/ircacasabierta.org\/wp-content\/uploads\/2023\/09\/LOGOTIPO-IRCA-CASABIERTA-COMPLETO.png\",\"contentUrl\":\"https:\/\/ircacasabierta.org\/wp-content\/uploads\/2023\/09\/LOGOTIPO-IRCA-CASABIERTA-COMPLETO.png\",\"width\":1651,\"height\":474,\"caption\":\"IRCA CASABIERTA\"},\"image\":{\"@id\":\"https:\/\/ircacasabierta.org\/#\/schema\/logo\/image\/\"},\"sameAs\":[\"https:\/\/www.facebook.com\/IRCA.CASABIERTA\",\"https:\/\/x.com\/ICasabierta\",\"https:\/\/www.instagram.com\/ircacasabierta\/\"]}]}<\/script>\n<!-- \/ Yoast SEO plugin. -->","yoast_head_json":{"title":"Services - IRCA CASABIERTA","robots":{"index":"index","follow":"follow","max-snippet":"max-snippet:-1","max-image-preview":"max-image-preview:large","max-video-preview":"max-video-preview:-1"},"canonical":"https:\/\/ircacasabierta.org\/en\/services\/","og_locale":"en_US","og_type":"article","og_title":"Services - IRCA CASABIERTA","og_description":"Veedur\u00eda social Es el primer paso de la Ruta de Atenci\u00f3n de los Servicios Esenciales que brinda IRCA CASABIERTA. Realiza la entrevista inicial y se encarga del proceso de restituci\u00f3n de los derechos de las poblaciones LGBTIQ+, solicitante de refugio, refugiada o migrante en las instituciones p\u00fablicas, privadas y todas aquellas instancias a la que","og_url":"https:\/\/ircacasabierta.org\/en\/services\/","og_site_name":"IRCA CASABIERTA","article_publisher":"https:\/\/www.facebook.com\/IRCA.CASABIERTA","article_modified_time":"2023-11-24T20:08:32+00:00","twitter_card":"summary_large_image","twitter_site":"@ICasabierta","twitter_misc":{"Est. reading time":"1 minute"},"schema":{"@context":"https:\/\/schema.org","@graph":[{"@type":"WebPage","@id":"https:\/\/ircacasabierta.org\/services\/","url":"https:\/\/ircacasabierta.org\/services\/","name":"Services - IRCA CASABIERTA","isPartOf":{"@id":"https:\/\/ircacasabierta.org\/#website"},"datePublished":"2023-09-19T22:13:56+00:00","dateModified":"2023-11-24T20:08:32+00:00","breadcrumb":{"@id":"https:\/\/ircacasabierta.org\/services\/#breadcrumb"},"inLanguage":"en-US","potentialAction":[{"@type":"ReadAction","target":["https:\/\/ircacasabierta.org\/services\/"]}]},{"@type":"BreadcrumbList","@id":"https:\/\/ircacasabierta.org\/services\/#breadcrumb","itemListElement":[{"@type":"ListItem","position":1,"name":"Portada","item":"https:\/\/ircacasabierta.org\/"},{"@type":"ListItem","position":2,"name":"Services"}]},{"@type":"WebSite","@id":"https:\/\/ircacasabierta.org\/#website","url":"https:\/\/ircacasabierta.org\/","name":"IRCA CASABIERTA","description":"Instituto sobre Migraci\u00f3n y Refugio LGBTIQ para Centroam\u00e9rica","publisher":{"@id":"https:\/\/ircacasabierta.org\/#organization"},"potentialAction":[{"@type":"SearchAction","target":{"@type":"EntryPoint","urlTemplate":"https:\/\/ircacasabierta.org\/?s={search_term_string}"},"query-input":{"@type":"PropertyValueSpecification","valueRequired":true,"valueName":"search_term_string"}}],"inLanguage":"en-US"},{"@type":"Organization","@id":"https:\/\/ircacasabierta.org\/#organization","name":"IRCA CASABIERTA","url":"https:\/\/ircacasabierta.org\/","logo":{"@type":"ImageObject","inLanguage":"en-US","@id":"https:\/\/ircacasabierta.org\/#\/schema\/logo\/image\/","url":"https:\/\/ircacasabierta.org\/wp-content\/uploads\/2023\/09\/LOGOTIPO-IRCA-CASABIERTA-COMPLETO.png","contentUrl":"https:\/\/ircacasabierta.org\/wp-content\/uploads\/2023\/09\/LOGOTIPO-IRCA-CASABIERTA-COMPLETO.png","width":1651,"height":474,"caption":"IRCA CASABIERTA"},"image":{"@id":"https:\/\/ircacasabierta.org\/#\/schema\/logo\/image\/"},"sameAs":["https:\/\/www.facebook.com\/IRCA.CASABIERTA","https:\/\/x.com\/ICasabierta","https:\/\/www.instagram.com\/ircacasabierta\/"]}]}},"_links":{"self":[{"href":"https:\/\/ircacasabierta.org\/en\/wp-json\/wp\/v2\/pages\/36","targetHints":{"allow":["GET"]}}],"collection":[{"href":"https:\/\/ircacasabierta.org\/en\/wp-json\/wp\/v2\/pages"}],"about":[{"href":"https:\/\/ircacasabierta.org\/en\/wp-json\/wp\/v2\/types\/page"}],"author":[{"embeddable":true,"href":"https:\/\/ircacasabierta.org\/en\/wp-json\/wp\/v2\/users\/1"}],"replies":[{"embeddable":true,"href":"https:\/\/ircacasabierta.org\/en\/wp-json\/wp\/v2\/comments?post=36"}],"version-history":[{"count":25,"href":"https:\/\/ircacasabierta.org\/en\/wp-json\/wp\/v2\/pages\/36\/revisions"}],"predecessor-version":[{"id":10522,"href":"https:\/\/ircacasabierta.org\/en\/wp-json\/wp\/v2\/pages\/36\/revisions\/10522"}],"wp:attachment":[{"href":"https:\/\/ircacasabierta.org\/en\/wp-json\/wp\/v2\/media?parent=36"}],"curies":[{"name":"wp","href":"https:\/\/api.w.org\/{rel}","templated":true}]}}