{"id":290,"date":"2023-09-25T21:51:36","date_gmt":"2023-09-25T21:51:36","guid":{"rendered":"https:\/\/ircacasabierta.org\/?page_id=290"},"modified":"2023-11-24T13:35:10","modified_gmt":"2023-11-24T19:35:10","slug":"capacitacion","status":"publish","type":"page","link":"https:\/\/ircacasabierta.org\/en\/capacitacion\/","title":{"rendered":"Capacitaci\u00f3n"},"content":{"rendered":"<div data-elementor-type=\"wp-post\" data-elementor-id=\"290\" class=\"elementor elementor-290\" data-elementor-post-type=\"page\">\n\t\t\t\t<div class=\"elementor-element elementor-element-9081c6f e-con-full e-flex e-con e-parent\" data-id=\"9081c6f\" data-element_type=\"container\" data-e-type=\"container\">\n\t\t<div class=\"elementor-element elementor-element-2ae7a5e e-con-full e-flex e-con e-child\" data-id=\"2ae7a5e\" data-element_type=\"container\" data-e-type=\"container\">\n\t\t<div class=\"elementor-element elementor-element-f75a7ca e-flex e-con-boxed elementor-invisible e-con e-child\" data-id=\"f75a7ca\" data-element_type=\"container\" data-e-type=\"container\" data-settings=\"{&quot;background_background&quot;:&quot;classic&quot;,&quot;animation&quot;:&quot;fadeIn&quot;}\">\n\t\t\t\t\t<div class=\"e-con-inner\">\n\t\t\t\t<div class=\"elementor-element elementor-element-7052e95 elementor-widget__width-initial elementor-widget elementor-widget-heading\" data-id=\"7052e95\" data-element_type=\"widget\" data-e-type=\"widget\" data-widget_type=\"heading.default\">\n\t\t\t\t<div class=\"elementor-widget-container\">\n\t\t\t\t\t<h2 class=\"elementor-heading-title elementor-size-default\">Capacitaci\u00f3n<\/h2>\t\t\t\t<\/div>\n\t\t\t\t<\/div>\n\t\t\t\t\t<\/div>\n\t\t\t\t<\/div>\n\t\t\t\t<\/div>\n\t\t\t\t<\/div>\n\t\t<div class=\"elementor-element elementor-element-4053e66 e-flex e-con-boxed e-con e-parent\" data-id=\"4053e66\" data-element_type=\"container\" data-e-type=\"container\">\n\t\t\t\t\t<div class=\"e-con-inner\">\n\t\t<div class=\"elementor-element elementor-element-977abb0 e-flex e-con-boxed e-con e-child\" data-id=\"977abb0\" data-element_type=\"container\" data-e-type=\"container\">\n\t\t\t\t\t<div class=\"e-con-inner\">\n\t\t<div class=\"elementor-element elementor-element-9aa65b8 e-grid e-con-boxed e-con e-child\" data-id=\"9aa65b8\" data-element_type=\"container\" data-e-type=\"container\">\n\t\t\t\t\t<div class=\"e-con-inner\">\n\t\t\t\t<div class=\"elementor-element elementor-element-4f0ce48 elementor-widget elementor-widget-text-editor\" data-id=\"4f0ce48\" data-element_type=\"widget\" data-e-type=\"widget\" data-widget_type=\"text-editor.default\">\n\t\t\t\t<div class=\"elementor-widget-container\">\n\t\t\t\t\t\t\t\t\t<p><b>La Direcci\u00f3n de Capacitaci\u00f3n de IRCA CASABIERTA<\/b><span style=\"font-weight: 400;\"> desde la perspectiva de la Educaci\u00f3n No formal y la metodolog\u00eda l\u00fadica para la vida gestiona, planifica y facilita procesos socioeducativos dirigidos a tres grupos principales. Para las personas de inter\u00e9s, es decir, personas migrantes, solicitantes de refugio y refugiadas LGBTIQ.&nbsp; Para el equipo profesional de IRCA CASABIERTA y para otres actores, como personas funcionarias de instituciones p\u00fablicas, personas trabajadoras de ONG&#8217;s y personas trabajadoras de empresas privadas.&nbsp;<\/span><\/p>\n<p><\/p>\n<p><span style=\"font-weight: 400;\">Desde la Direcci\u00f3n de Capacitaci\u00f3n de IRCA CASABIERTA se facilitan distintas actividades socioeducativas tanto virtuales y&nbsp; presenciales, como charlas, talleres, conversatorios y procesos formativos que buscan sensibilizar sobre las realidades y resistencias de las poblaciones LGTBIQ en desplazamiento forzado en Costa Rica y en la regi\u00f3n Centroamericana.&nbsp;<\/span><\/p>\n<p><\/p>\n<p><span style=\"font-weight: 400;\">Las principales tem\u00e1ticas que se abordan son: fortalecimiento interno y cultura organizacional para el equipo profesional de IRCA CASABIERTA, Derechos Humanos de las personas LGBTIQ, Conceptos sobre Diversidad Sexual y de G\u00e9nero, Migraci\u00f3n y Refugio LGBTIQ, Derechos Sexuales y Reproductivos de las poblaciones LGBTIQ en desplazamiento forzado, Integraci\u00f3n socioeducativas en el territorio costarricense para poblaciones LGBTIQ y sensibilizaci\u00f3n en temas de VIH e ITS entre otros.&nbsp;<\/span><\/p>\n<p><span style=\"font-weight: 400;\">Puede contactar al \u00e1rea de capacitaci\u00f3n escribiendo a&nbsp;<\/span><b>capacitacion.irca@gmail.com<\/b><\/p>\t\t\t\t\t\t\t\t<\/div>\n\t\t\t\t<\/div>\n\t\t\t\t\t<\/div>\n\t\t\t\t<\/div>\n\t\t\t\t\t<\/div>\n\t\t\t\t<\/div>\n\t\t\t\t\t<\/div>\n\t\t\t\t<\/div>\n\t\t<div class=\"elementor-element elementor-element-bb8fa20 e-flex e-con-boxed e-con e-parent\" data-id=\"bb8fa20\" data-element_type=\"container\" data-e-type=\"container\">\n\t\t\t\t\t<div class=\"e-con-inner\">\n\t\t\t\t<div class=\"elementor-element elementor-element-5c9045b elementor-skin-carousel elementor-arrows-yes elementor-pagination-type-bullets elementor-pagination-position-outside elementor-widget elementor-widget-media-carousel\" data-id=\"5c9045b\" data-element_type=\"widget\" data-e-type=\"widget\" data-settings=\"{&quot;skin&quot;:&quot;carousel&quot;,&quot;effect&quot;:&quot;slide&quot;,&quot;show_arrows&quot;:&quot;yes&quot;,&quot;pagination&quot;:&quot;bullets&quot;,&quot;speed&quot;:500,&quot;autoplay&quot;:&quot;yes&quot;,&quot;autoplay_speed&quot;:5000,&quot;loop&quot;:&quot;yes&quot;,&quot;pause_on_hover&quot;:&quot;yes&quot;,&quot;pause_on_interaction&quot;:&quot;yes&quot;,&quot;space_between&quot;:{&quot;unit&quot;:&quot;px&quot;,&quot;size&quot;:10,&quot;sizes&quot;:[]},&quot;space_between_tablet&quot;:{&quot;unit&quot;:&quot;px&quot;,&quot;size&quot;:10,&quot;sizes&quot;:[]},&quot;space_between_mobile&quot;:{&quot;unit&quot;:&quot;px&quot;,&quot;size&quot;:10,&quot;sizes&quot;:[]}}\" data-widget_type=\"media-carousel.default\">\n\t\t\t\t<div class=\"elementor-widget-container\">\n\t\t\t\t\t\t\t\t\t<div class=\"elementor-swiper\">\n\t\t\t\t\t<div class=\"elementor-main-swiper swiper\" role=\"region\" aria-roledescription=\"carousel\" aria-label=\"Slides\">\n\t\t\t\t<div class=\"swiper-wrapper\">\n\t\t\t\t\t\t\t\t\t\t\t<div class=\"swiper-slide\" role=\"group\" aria-roledescription=\"slide\">\n\t\t\t\t\t\t\t\t\t<div class=\"elementor-carousel-image\" role=\"img\" aria-label=\"IMG_3063\" style=\"background-image: url(&#039;https:\/\/ircacasabierta.org\/wp-content\/uploads\/2023\/10\/IMG_3063-scaled.jpeg&#039;)\">\n\n\t\t\t\n\t\t\t\t\t<\/div>\n\t\t\t\t\t\t\t\t<\/div>\n\t\t\t\t\t\t\t\t\t\t\t<div class=\"swiper-slide\" role=\"group\" aria-roledescription=\"slide\">\n\t\t\t\t\t\t\t\t\t<div class=\"elementor-carousel-image\" role=\"img\" aria-label=\"DSC_2541\" style=\"background-image: url(&#039;https:\/\/ircacasabierta.org\/wp-content\/uploads\/2023\/10\/DSC_2541-scaled.jpg&#039;)\">\n\n\t\t\t\n\t\t\t\t\t<\/div>\n\t\t\t\t\t\t\t\t<\/div>\n\t\t\t\t\t\t\t\t\t\t\t<div class=\"swiper-slide\" role=\"group\" aria-roledescription=\"slide\">\n\t\t\t\t\t\t\t\t\t<div class=\"elementor-carousel-image\" role=\"img\" aria-label=\"IMG_9009\" style=\"background-image: url(&#039;https:\/\/ircacasabierta.org\/wp-content\/uploads\/2023\/10\/IMG_9009-scaled.jpg&#039;)\">\n\n\t\t\t\n\t\t\t\t\t<\/div>\n\t\t\t\t\t\t\t\t<\/div>\n\t\t\t\t\t\t\t\t\t\t\t<div class=\"swiper-slide\" role=\"group\" aria-roledescription=\"slide\">\n\t\t\t\t\t\t\t\t\t<div class=\"elementor-carousel-image\" role=\"img\" aria-label=\"IMG_9032\" style=\"background-image: url(&#039;https:\/\/ircacasabierta.org\/wp-content\/uploads\/2023\/10\/IMG_9032-scaled.jpg&#039;)\">\n\n\t\t\t\n\t\t\t\t\t<\/div>\n\t\t\t\t\t\t\t\t<\/div>\n\t\t\t\t\t\t\t\t\t\t\t<div class=\"swiper-slide\" role=\"group\" aria-roledescription=\"slide\">\n\t\t\t\t\t\t\t\t\t<div class=\"elementor-carousel-image\" role=\"img\" aria-label=\"IMG_3041\" style=\"background-image: url(&#039;https:\/\/ircacasabierta.org\/wp-content\/uploads\/2023\/10\/IMG_3041-scaled.jpeg&#039;)\">\n\n\t\t\t\n\t\t\t\t\t<\/div>\n\t\t\t\t\t\t\t\t<\/div>\n\t\t\t\t\t\t\t\t\t\t\t<div class=\"swiper-slide\" role=\"group\" aria-roledescription=\"slide\">\n\t\t\t\t\t\t\t\t\t<div class=\"elementor-carousel-image\" role=\"img\" aria-label=\"IMG_3067\" style=\"background-image: url(&#039;https:\/\/ircacasabierta.org\/wp-content\/uploads\/2023\/10\/IMG_3067-scaled-e1697578537706.jpeg&#039;)\">\n\n\t\t\t\n\t\t\t\t\t<\/div>\n\t\t\t\t\t\t\t\t<\/div>\n\t\t\t\t\t\t\t\t\t\t\t<div class=\"swiper-slide\" role=\"group\" aria-roledescription=\"slide\">\n\t\t\t\t\t\t\t\t\t<div class=\"elementor-carousel-image\" role=\"img\" aria-label=\"IMG_3043\" style=\"background-image: url(&#039;https:\/\/ircacasabierta.org\/wp-content\/uploads\/2023\/10\/IMG_3043-scaled.jpeg&#039;)\">\n\n\t\t\t\n\t\t\t\t\t<\/div>\n\t\t\t\t\t\t\t\t<\/div>\n\t\t\t\t\t\t\t\t\t<\/div>\n\t\t\t\t\t\t\t\t\t\t\t\t\t\t\t<div class=\"elementor-swiper-button elementor-swiper-button-prev\" role=\"button\" tabindex=\"0\" aria-label=\"Previous\">\n\t\t\t\t\t\t\t<svg aria-hidden=\"true\" class=\"e-font-icon-svg e-eicon-chevron-left\" viewbox=\"0 0 1000 1000\" xmlns=\"http:\/\/www.w3.org\/2000\/svg\"><path d=\"M646 125C629 125 613 133 604 142L308 442C296 454 292 471 292 487 292 504 296 521 308 533L604 854C617 867 629 875 646 875 663 875 679 871 692 858 704 846 713 829 713 812 713 796 708 779 692 767L438 487 692 225C700 217 708 204 708 187 708 171 704 154 692 142 675 129 663 125 646 125Z\"><\/path><\/svg>\t\t\t\t\t\t<\/div>\n\t\t\t\t\t\t<div class=\"elementor-swiper-button elementor-swiper-button-next\" role=\"button\" tabindex=\"0\" aria-label=\"Next\">\n\t\t\t\t\t\t\t<svg aria-hidden=\"true\" class=\"e-font-icon-svg e-eicon-chevron-right\" viewbox=\"0 0 1000 1000\" xmlns=\"http:\/\/www.w3.org\/2000\/svg\"><path d=\"M696 533C708 521 713 504 713 487 713 471 708 454 696 446L400 146C388 133 375 125 354 125 338 125 325 129 313 142 300 154 292 171 292 187 292 204 296 221 308 233L563 492 304 771C292 783 288 800 288 817 288 833 296 850 308 863 321 871 338 875 354 875 371 875 388 867 400 854L696 533Z\"><\/path><\/svg>\t\t\t\t\t\t<\/div>\n\t\t\t\t\t\t\t\t\t\t\t\t\t\t\t\t<div class=\"swiper-pagination\"><\/div>\n\t\t\t\t\t\t\t\t\t\t\t\t<\/div>\n\t\t\t\t<\/div>\n\t\t\t\t\t\t\t\t<\/div>\n\t\t\t\t<\/div>\n\t\t\t\t\t<\/div>\n\t\t\t\t<\/div>\n\t\t\t\t<\/div>","protected":false},"excerpt":{"rendered":"<p>Capacitaci\u00f3n La Direcci\u00f3n de Capacitaci\u00f3n de IRCA CASABIERTA desde la perspectiva de la Educaci\u00f3n No formal y la metodolog\u00eda l\u00fadica para la vida gestiona, planifica y facilita procesos socioeducativos dirigidos a tres grupos principales. Para las personas de inter\u00e9s, es decir, personas migrantes, solicitantes de refugio y refugiadas LGBTIQ.&nbsp; Para el equipo profesional de IRCA<\/p>","protected":false},"author":1,"featured_media":0,"parent":0,"menu_order":0,"comment_status":"closed","ping_status":"closed","template":"","meta":{"_rtcl_gb_attr":"","footnotes":""},"class_list":["post-290","page","type-page","status-publish","hentry"],"yoast_head":"<!-- This site is optimized with the Yoast SEO plugin v27.1.1 - https:\/\/yoast.com\/product\/yoast-seo-wordpress\/ -->\n<title>Capacitaci\u00f3n - IRCA CASABIERTA<\/title>\n<meta name=\"robots\" content=\"index, follow, max-snippet:-1, max-image-preview:large, max-video-preview:-1\" \/>\n<link rel=\"canonical\" href=\"https:\/\/ircacasabierta.org\/en\/capacitacion\/\" \/>\n<meta property=\"og:locale\" content=\"en_US\" \/>\n<meta property=\"og:type\" content=\"article\" \/>\n<meta property=\"og:title\" content=\"Capacitaci\u00f3n - IRCA CASABIERTA\" \/>\n<meta property=\"og:description\" content=\"Capacitaci\u00f3n La Direcci\u00f3n de Capacitaci\u00f3n de IRCA CASABIERTA desde la perspectiva de la Educaci\u00f3n No formal y la metodolog\u00eda l\u00fadica para la vida gestiona, planifica y facilita procesos socioeducativos dirigidos a tres grupos principales. Para las personas de inter\u00e9s, es decir, personas migrantes, solicitantes de refugio y refugiadas LGBTIQ.&nbsp; Para el equipo profesional de IRCA\" \/>\n<meta property=\"og:url\" content=\"https:\/\/ircacasabierta.org\/en\/capacitacion\/\" \/>\n<meta property=\"og:site_name\" content=\"IRCA CASABIERTA\" \/>\n<meta property=\"article:publisher\" content=\"https:\/\/www.facebook.com\/IRCA.CASABIERTA\" \/>\n<meta property=\"article:modified_time\" content=\"2023-11-24T19:35:10+00:00\" \/>\n<meta name=\"twitter:card\" content=\"summary_large_image\" \/>\n<meta name=\"twitter:site\" content=\"@ICasabierta\" \/>\n<meta name=\"twitter:label1\" content=\"Est. reading time\" \/>\n\t<meta name=\"twitter:data1\" content=\"1 minute\" \/>\n<script type=\"application\/ld+json\" class=\"yoast-schema-graph\">{\"@context\":\"https:\/\/schema.org\",\"@graph\":[{\"@type\":\"WebPage\",\"@id\":\"https:\/\/ircacasabierta.org\/capacitacion\/\",\"url\":\"https:\/\/ircacasabierta.org\/capacitacion\/\",\"name\":\"Capacitaci\u00f3n - IRCA CASABIERTA\",\"isPartOf\":{\"@id\":\"https:\/\/ircacasabierta.org\/#website\"},\"datePublished\":\"2023-09-25T21:51:36+00:00\",\"dateModified\":\"2023-11-24T19:35:10+00:00\",\"breadcrumb\":{\"@id\":\"https:\/\/ircacasabierta.org\/capacitacion\/#breadcrumb\"},\"inLanguage\":\"en-US\",\"potentialAction\":[{\"@type\":\"ReadAction\",\"target\":[\"https:\/\/ircacasabierta.org\/capacitacion\/\"]}]},{\"@type\":\"BreadcrumbList\",\"@id\":\"https:\/\/ircacasabierta.org\/capacitacion\/#breadcrumb\",\"itemListElement\":[{\"@type\":\"ListItem\",\"position\":1,\"name\":\"Portada\",\"item\":\"https:\/\/ircacasabierta.org\/\"},{\"@type\":\"ListItem\",\"position\":2,\"name\":\"Capacitaci\u00f3n\"}]},{\"@type\":\"WebSite\",\"@id\":\"https:\/\/ircacasabierta.org\/#website\",\"url\":\"https:\/\/ircacasabierta.org\/\",\"name\":\"IRCA CASABIERTA\",\"description\":\"Instituto sobre Migraci\u00f3n y Refugio LGBTIQ para Centroam\u00e9rica\",\"publisher\":{\"@id\":\"https:\/\/ircacasabierta.org\/#organization\"},\"potentialAction\":[{\"@type\":\"SearchAction\",\"target\":{\"@type\":\"EntryPoint\",\"urlTemplate\":\"https:\/\/ircacasabierta.org\/?s={search_term_string}\"},\"query-input\":{\"@type\":\"PropertyValueSpecification\",\"valueRequired\":true,\"valueName\":\"search_term_string\"}}],\"inLanguage\":\"en-US\"},{\"@type\":\"Organization\",\"@id\":\"https:\/\/ircacasabierta.org\/#organization\",\"name\":\"IRCA CASABIERTA\",\"url\":\"https:\/\/ircacasabierta.org\/\",\"logo\":{\"@type\":\"ImageObject\",\"inLanguage\":\"en-US\",\"@id\":\"https:\/\/ircacasabierta.org\/#\/schema\/logo\/image\/\",\"url\":\"https:\/\/ircacasabierta.org\/wp-content\/uploads\/2023\/09\/LOGOTIPO-IRCA-CASABIERTA-COMPLETO.png\",\"contentUrl\":\"https:\/\/ircacasabierta.org\/wp-content\/uploads\/2023\/09\/LOGOTIPO-IRCA-CASABIERTA-COMPLETO.png\",\"width\":1651,\"height\":474,\"caption\":\"IRCA CASABIERTA\"},\"image\":{\"@id\":\"https:\/\/ircacasabierta.org\/#\/schema\/logo\/image\/\"},\"sameAs\":[\"https:\/\/www.facebook.com\/IRCA.CASABIERTA\",\"https:\/\/x.com\/ICasabierta\",\"https:\/\/www.instagram.com\/ircacasabierta\/\"]}]}<\/script>\n<!-- \/ Yoast SEO plugin. -->","yoast_head_json":{"title":"Capacitaci\u00f3n - IRCA CASABIERTA","robots":{"index":"index","follow":"follow","max-snippet":"max-snippet:-1","max-image-preview":"max-image-preview:large","max-video-preview":"max-video-preview:-1"},"canonical":"https:\/\/ircacasabierta.org\/en\/capacitacion\/","og_locale":"en_US","og_type":"article","og_title":"Capacitaci\u00f3n - IRCA CASABIERTA","og_description":"Capacitaci\u00f3n La Direcci\u00f3n de Capacitaci\u00f3n de IRCA CASABIERTA desde la perspectiva de la Educaci\u00f3n No formal y la metodolog\u00eda l\u00fadica para la vida gestiona, planifica y facilita procesos socioeducativos dirigidos a tres grupos principales. Para las personas de inter\u00e9s, es decir, personas migrantes, solicitantes de refugio y refugiadas LGBTIQ.&nbsp; Para el equipo profesional de IRCA","og_url":"https:\/\/ircacasabierta.org\/en\/capacitacion\/","og_site_name":"IRCA CASABIERTA","article_publisher":"https:\/\/www.facebook.com\/IRCA.CASABIERTA","article_modified_time":"2023-11-24T19:35:10+00:00","twitter_card":"summary_large_image","twitter_site":"@ICasabierta","twitter_misc":{"Est. reading time":"1 minute"},"schema":{"@context":"https:\/\/schema.org","@graph":[{"@type":"WebPage","@id":"https:\/\/ircacasabierta.org\/capacitacion\/","url":"https:\/\/ircacasabierta.org\/capacitacion\/","name":"Capacitaci\u00f3n - IRCA CASABIERTA","isPartOf":{"@id":"https:\/\/ircacasabierta.org\/#website"},"datePublished":"2023-09-25T21:51:36+00:00","dateModified":"2023-11-24T19:35:10+00:00","breadcrumb":{"@id":"https:\/\/ircacasabierta.org\/capacitacion\/#breadcrumb"},"inLanguage":"en-US","potentialAction":[{"@type":"ReadAction","target":["https:\/\/ircacasabierta.org\/capacitacion\/"]}]},{"@type":"BreadcrumbList","@id":"https:\/\/ircacasabierta.org\/capacitacion\/#breadcrumb","itemListElement":[{"@type":"ListItem","position":1,"name":"Portada","item":"https:\/\/ircacasabierta.org\/"},{"@type":"ListItem","position":2,"name":"Capacitaci\u00f3n"}]},{"@type":"WebSite","@id":"https:\/\/ircacasabierta.org\/#website","url":"https:\/\/ircacasabierta.org\/","name":"IRCA CASABIERTA","description":"Instituto sobre Migraci\u00f3n y Refugio LGBTIQ para Centroam\u00e9rica","publisher":{"@id":"https:\/\/ircacasabierta.org\/#organization"},"potentialAction":[{"@type":"SearchAction","target":{"@type":"EntryPoint","urlTemplate":"https:\/\/ircacasabierta.org\/?s={search_term_string}"},"query-input":{"@type":"PropertyValueSpecification","valueRequired":true,"valueName":"search_term_string"}}],"inLanguage":"en-US"},{"@type":"Organization","@id":"https:\/\/ircacasabierta.org\/#organization","name":"IRCA CASABIERTA","url":"https:\/\/ircacasabierta.org\/","logo":{"@type":"ImageObject","inLanguage":"en-US","@id":"https:\/\/ircacasabierta.org\/#\/schema\/logo\/image\/","url":"https:\/\/ircacasabierta.org\/wp-content\/uploads\/2023\/09\/LOGOTIPO-IRCA-CASABIERTA-COMPLETO.png","contentUrl":"https:\/\/ircacasabierta.org\/wp-content\/uploads\/2023\/09\/LOGOTIPO-IRCA-CASABIERTA-COMPLETO.png","width":1651,"height":474,"caption":"IRCA CASABIERTA"},"image":{"@id":"https:\/\/ircacasabierta.org\/#\/schema\/logo\/image\/"},"sameAs":["https:\/\/www.facebook.com\/IRCA.CASABIERTA","https:\/\/x.com\/ICasabierta","https:\/\/www.instagram.com\/ircacasabierta\/"]}]}},"_links":{"self":[{"href":"https:\/\/ircacasabierta.org\/en\/wp-json\/wp\/v2\/pages\/290","targetHints":{"allow":["GET"]}}],"collection":[{"href":"https:\/\/ircacasabierta.org\/en\/wp-json\/wp\/v2\/pages"}],"about":[{"href":"https:\/\/ircacasabierta.org\/en\/wp-json\/wp\/v2\/types\/page"}],"author":[{"embeddable":true,"href":"https:\/\/ircacasabierta.org\/en\/wp-json\/wp\/v2\/users\/1"}],"replies":[{"embeddable":true,"href":"https:\/\/ircacasabierta.org\/en\/wp-json\/wp\/v2\/comments?post=290"}],"version-history":[{"count":25,"href":"https:\/\/ircacasabierta.org\/en\/wp-json\/wp\/v2\/pages\/290\/revisions"}],"predecessor-version":[{"id":10486,"href":"https:\/\/ircacasabierta.org\/en\/wp-json\/wp\/v2\/pages\/290\/revisions\/10486"}],"wp:attachment":[{"href":"https:\/\/ircacasabierta.org\/en\/wp-json\/wp\/v2\/media?parent=290"}],"curies":[{"name":"wp","href":"https:\/\/api.w.org\/{rel}","templated":true}]}}