{"id":283,"date":"2023-09-25T21:50:07","date_gmt":"2023-09-25T21:50:07","guid":{"rendered":"https:\/\/ircacasabierta.org\/?page_id=283"},"modified":"2023-11-24T14:27:28","modified_gmt":"2023-11-24T20:27:28","slug":"investigacion","status":"publish","type":"page","link":"https:\/\/ircacasabierta.org\/en\/investigacion\/","title":{"rendered":"Investigaci\u00f3n"},"content":{"rendered":"<div data-elementor-type=\"wp-post\" data-elementor-id=\"283\" class=\"elementor elementor-283\" data-elementor-post-type=\"page\">\n\t\t\t\t<div class=\"elementor-element elementor-element-2a2408a e-con-full e-flex e-con e-parent\" data-id=\"2a2408a\" data-element_type=\"container\" data-e-type=\"container\">\n\t\t<div class=\"elementor-element elementor-element-ab0c346 e-flex e-con-boxed elementor-invisible e-con e-child\" data-id=\"ab0c346\" data-element_type=\"container\" data-e-type=\"container\" data-settings=\"{&quot;background_background&quot;:&quot;classic&quot;,&quot;animation&quot;:&quot;fadeIn&quot;}\">\n\t\t\t\t\t<div class=\"e-con-inner\">\n\t\t\t\t<div class=\"elementor-element elementor-element-59f7ffb elementor-widget__width-initial elementor-widget elementor-widget-heading\" data-id=\"59f7ffb\" data-element_type=\"widget\" data-e-type=\"widget\" data-widget_type=\"heading.default\">\n\t\t\t\t<div class=\"elementor-widget-container\">\n\t\t\t\t\t<h2 class=\"elementor-heading-title elementor-size-default\">Investigaci\u00f3n<\/h2>\t\t\t\t<\/div>\n\t\t\t\t<\/div>\n\t\t\t\t\t<\/div>\n\t\t\t\t<\/div>\n\t\t\t\t<\/div>\n\t\t<div class=\"elementor-element elementor-element-3757086 e-flex e-con-boxed e-con e-parent\" data-id=\"3757086\" data-element_type=\"container\" data-e-type=\"container\">\n\t\t\t\t\t<div class=\"e-con-inner\">\n\t\t<div class=\"elementor-element elementor-element-eb11701 e-grid e-con-boxed e-con e-child\" data-id=\"eb11701\" data-element_type=\"container\" data-e-type=\"container\">\n\t\t\t\t\t<div class=\"e-con-inner\">\n\t\t\t\t<div class=\"elementor-element elementor-element-9f9f443 elementor-widget elementor-widget-text-editor\" data-id=\"9f9f443\" data-element_type=\"widget\" data-e-type=\"widget\" data-widget_type=\"text-editor.default\">\n\t\t\t\t<div class=\"elementor-widget-container\">\n\t\t\t\t\t\t\t\t\t<p><span style=\"font-weight: 400;\"><strong>Para IRCA CASABIERTA, la investigaci\u00f3n<\/strong> es fundamental en el crecimiento institucional, el proyecto IRCA CASABIERTA comienza a crecer gracias a un An\u00e1lisis Cualitativo: sobre las \u201cNecesidades de las poblaciones LGBTIQ solicitantes de refugio en Costa Rica\u201d en el 2019, donde le permiti\u00f3 al equipo t\u00e9cnico acercarse a la poblaci\u00f3n migrante LGBTIQ y conocer sus principales necesidades. A trav\u00e9s de un peque\u00f1o grupo focal se pudo recuperar informaci\u00f3n sobre las necesidades y situaciones por las que pasa la poblaci\u00f3n solicitante de refugio, refugiada y migrante LGBTIQ. Lo que permiti\u00f3 generar un plan estrat\u00e9gico de trabajo desde la metodolog\u00eda de la trilog\u00eda para el desarrollo, que se enfoca en la atenci\u00f3n en Salud, Trabajo y Educaci\u00f3n.<\/span><\/p>\n<p><span style=\"font-weight: 400;\">Es a partir de esto que se genera el trabajo integral desde IRCA CASABIERTA hacia la poblaci\u00f3n de inter\u00e9s. Un par de a\u00f1os despu\u00e9s se realizan tres investigaciones con el objetivo de generar conocimientos para y hacia el cambio social a partir de datos y evidencias que generen incidencia pol\u00edtica.&nbsp;<\/span><\/p>\n<p><\/p>\n<p><b>Actividades que realiza: Investigaci\u00f3n (Monitoreo y Evaluaci\u00f3n)<\/b><\/p>\n<ul>\n<li style=\"font-weight: 400;\" aria-level=\"1\"><span style=\"font-weight: 400;\">An\u00e1lisis de situaci\u00f3n \u2013SIRCA-<\/span><\/li>\n<li style=\"font-weight: 400;\" aria-level=\"1\"><span style=\"font-weight: 400;\">Elementos internos y externos para estudio<\/span><\/li>\n<li style=\"font-weight: 400;\" aria-level=\"1\"><span style=\"font-weight: 400;\">Datos y hallazgos de los fen\u00f3menos<\/span><\/li>\n<li style=\"font-weight: 400;\" aria-level=\"1\"><span style=\"font-weight: 400;\">Producci\u00f3n de informaci\u00f3n<\/span><\/li>\n<li style=\"font-weight: 400;\" aria-level=\"1\"><span style=\"font-weight: 400;\">Estad\u00edsticas<\/span><\/li>\n<\/ul>\n<p><span style=\"font-weight: 400;\">&nbsp;<\/span><\/p>\n<p>Puede contactar al \u00e1rea de investigaci\u00f3n escribiendo a&nbsp;<b>investigacion.irca@gmail.com<\/b><span style=\"font-weight: 400;\"><br><\/span><\/p>\t\t\t\t\t\t\t\t<\/div>\n\t\t\t\t<\/div>\n\t\t\t\t\t<\/div>\n\t\t\t\t<\/div>\n\t\t\t\t\t<\/div>\n\t\t\t\t<\/div>\n\t\t<div class=\"elementor-element elementor-element-9b2f4e5 e-flex e-con-boxed e-con e-parent\" data-id=\"9b2f4e5\" data-element_type=\"container\" data-e-type=\"container\">\n\t\t\t\t\t<div class=\"e-con-inner\">\n\t\t\t\t<div class=\"elementor-element elementor-element-764214c elementor-widget elementor-widget-accordion\" data-id=\"764214c\" data-element_type=\"widget\" data-e-type=\"widget\" data-widget_type=\"accordion.default\">\n\t\t\t\t<div class=\"elementor-widget-container\">\n\t\t\t\t\t\t\t<div class=\"elementor-accordion\">\n\t\t\t\t\t\t\t<div class=\"elementor-accordion-item\">\n\t\t\t\t\t<div id=\"elementor-tab-title-1241\" class=\"elementor-tab-title\" data-tab=\"1\" role=\"button\" aria-controls=\"elementor-tab-content-1241\" aria-expanded=\"false\">\n\t\t\t\t\t\t\t\t\t\t\t\t\t<span class=\"elementor-accordion-icon elementor-accordion-icon-left\" aria-hidden=\"true\">\n\t\t\t\t\t\t\t\t\t\t\t\t\t\t\t<span class=\"elementor-accordion-icon-closed\"><svg class=\"e-font-icon-svg e-fas-plus\" viewbox=\"0 0 448 512\" xmlns=\"http:\/\/www.w3.org\/2000\/svg\"><path d=\"M416 208H272V64c0-17.67-14.33-32-32-32h-32c-17.67 0-32 14.33-32 32v144H32c-17.67 0-32 14.33-32 32v32c0 17.67 14.33 32 32 32h144v144c0 17.67 14.33 32 32 32h32c17.67 0 32-14.33 32-32V304h144c17.67 0 32-14.33 32-32v-32c0-17.67-14.33-32-32-32z\"><\/path><\/svg><\/span>\n\t\t\t\t\t\t\t\t<span class=\"elementor-accordion-icon-opened\"><svg class=\"e-font-icon-svg e-fas-minus\" viewbox=\"0 0 448 512\" xmlns=\"http:\/\/www.w3.org\/2000\/svg\"><path d=\"M416 208H32c-17.67 0-32 14.33-32 32v32c0 17.67 14.33 32 32 32h384c17.67 0 32-14.33 32-32v-32c0-17.67-14.33-32-32-32z\"><\/path><\/svg><\/span>\n\t\t\t\t\t\t\t\t\t\t\t\t\t\t<\/span>\n\t\t\t\t\t\t\t\t\t\t\t\t<a class=\"elementor-accordion-title\" tabindex=\"0\">Estrategia de incidencia contra la violencia de odio hacia los migrantes LGBTQIA+ en Costa Rica, basada en el an\u00e1lisis de los datos recopilados desde o por IRCA Casabierta, para IRCA Casabierta. \/2023\/<\/a>\n\t\t\t\t\t<\/div>\n\t\t\t\t\t<div id=\"elementor-tab-content-1241\" class=\"elementor-tab-content elementor-clearfix\" data-tab=\"1\" role=\"region\" aria-labelledby=\"elementor-tab-title-1241\"><p>Se busc\u00f3 crear una estrategia de incidencia social contra la violencia de odio hacia los migrantes LGBTQIA en Costa Rica, basada en el an\u00e1lisis de los datos recopilados desde o por IRCA CASABIERTA, para IRCA CASABIERTA. As\u00ed mismo a<span style=\"background-color: var( --e-global-color-c696dce );\">nalizar el abordaje de la recolecci\u00f3n de datos en IRCA CASABIERTA, r<\/span><span style=\"background-color: var( --e-global-color-c696dce );\">ecopilar y sistematizar datos primarios de las percepciones sobre la violencia&nbsp;<\/span><span style=\"background-color: var( --e-global-color-c696dce );\">hacia la poblaci\u00f3n de inter\u00e9s, e<\/span><span style=\"background-color: var( --e-global-color-c696dce );\">stablecer pautas en el trabajo de incidencia y en la conceptualizaci\u00f3n de la&nbsp;<\/span><span style=\"background-color: var( --e-global-color-c696dce );\">violencia en IRCA CASABIERTA enfocado en el<\/span><span style=\"background-color: var( --e-global-color-c696dce );\">&nbsp;trabajo pol\u00edtico y c<\/span>oncientizaci\u00f3n&nbsp;<span style=\"background-color: var( --e-global-color-c696dce );\">sobre la violencia.<\/span><\/p>\n<p><span style=\"font-weight: 400;\">Helena estuvo asistiendo de manera presencial a la organizaci\u00f3n donde particip\u00f3 de las actividades generales de la organizaciones, capacitaciones actividades&nbsp;<\/span><span style=\"background-color: var( --e-global-color-c696dce );\">recreativas y&nbsp;<\/span><span style=\"background-color: var( --e-global-color-c696dce );\">formativas en temas LGBTIQ, migraci\u00f3n y refugio.<\/span><\/p>\n<p><span style=\"font-weight: 400;\">Realiz\u00f3 un an\u00e1lisis de la base de datos, lo que conllev\u00f3 a una revisi\u00f3n del Sistema SIRCA y de la forma del registro de indicadores de Servicios Esenciales. Adem\u00e1s realiz\u00f3 entrevistas individuales al equipo de IRCA CASABIERTA sobre el tema de discriminaci\u00f3n y violencia, el abordaje y recuperaci\u00f3n de datos.<\/span><\/p>\n<p><span style=\"font-weight: 400;\">Luego de las entrevistas, llevo a cabo su transcripci\u00f3n y la categorizaci\u00f3n de las variables en el software NVIVO, p<\/span><span style=\"background-color: var( --e-global-color-c696dce );\">ara pasar al an\u00e1lisis de la informaci\u00f3n y realizar el informe.<\/span><\/p>\n<p><span style=\"background-color: var( --e-global-color-c696dce );\">Pr\u00f3ximamente se estar\u00e1 publicando el informe.&nbsp;<\/span><\/p><\/div>\n\t\t\t\t<\/div>\n\t\t\t\t\t\t\t<div class=\"elementor-accordion-item\">\n\t\t\t\t\t<div id=\"elementor-tab-title-1242\" class=\"elementor-tab-title\" data-tab=\"2\" role=\"button\" aria-controls=\"elementor-tab-content-1242\" aria-expanded=\"false\">\n\t\t\t\t\t\t\t\t\t\t\t\t\t<span class=\"elementor-accordion-icon elementor-accordion-icon-left\" aria-hidden=\"true\">\n\t\t\t\t\t\t\t\t\t\t\t\t\t\t\t<span class=\"elementor-accordion-icon-closed\"><svg class=\"e-font-icon-svg e-fas-plus\" viewbox=\"0 0 448 512\" xmlns=\"http:\/\/www.w3.org\/2000\/svg\"><path d=\"M416 208H272V64c0-17.67-14.33-32-32-32h-32c-17.67 0-32 14.33-32 32v144H32c-17.67 0-32 14.33-32 32v32c0 17.67 14.33 32 32 32h144v144c0 17.67 14.33 32 32 32h32c17.67 0 32-14.33 32-32V304h144c17.67 0 32-14.33 32-32v-32c0-17.67-14.33-32-32-32z\"><\/path><\/svg><\/span>\n\t\t\t\t\t\t\t\t<span class=\"elementor-accordion-icon-opened\"><svg class=\"e-font-icon-svg e-fas-minus\" viewbox=\"0 0 448 512\" xmlns=\"http:\/\/www.w3.org\/2000\/svg\"><path d=\"M416 208H32c-17.67 0-32 14.33-32 32v32c0 17.67 14.33 32 32 32h384c17.67 0 32-14.33 32-32v-32c0-17.67-14.33-32-32-32z\"><\/path><\/svg><\/span>\n\t\t\t\t\t\t\t\t\t\t\t\t\t\t<\/span>\n\t\t\t\t\t\t\t\t\t\t\t\t<a class=\"elementor-accordion-title\" tabindex=\"0\"> Mejorar la integraci\u00f3n socioecon\u00f3mica de la poblaci\u00f3n LGBTIQ solicitante de refugio y refugiada en Costa Rica  \/2023-2024\/<\/a>\n\t\t\t\t\t<\/div>\n\t\t\t\t\t<div id=\"elementor-tab-content-1242\" class=\"elementor-tab-content elementor-clearfix\" data-tab=\"2\" role=\"region\" aria-labelledby=\"elementor-tab-title-1242\"><p><span style=\"font-weight: 400;\">Con esta investigaci\u00f3n se busca generar un informe de&nbsp; recomendaciones al gobierno y el sector privado de Costa Rica sobre c\u00f3mo crear un entorno socioecon\u00f3mico m\u00e1s acogedor para la integraci\u00f3n socioecon\u00f3mica de las personas solicitantes de refugio y en condici\u00f3n de refugio LGBTQ, incluyendo oportunidades de trabajo digno y a la seguridad social.<\/span><\/p>\n<p><span style=\"font-weight: 400;\">En coordinaci\u00f3n con Refugees International y el apoyo de Mara Tissera Luna, consultora independiente, realizamos un an\u00e1lisis para identificar las necesidades y desaf\u00edos principales a la integraci\u00f3n econ\u00f3mica y social de la poblaci\u00f3n LGBTIQ solicitante de refugio y en condici\u00f3n de refugio en Costa Rica.<\/span><\/p>\n<p><span style=\"font-weight: 400;\">Se entrevistaron a representantes del Estado de instituciones como la Caja Costarricense del Seguro Social, la Direcci\u00f3n General de Migraci\u00f3n y Extranjer\u00eda, Ministerio de Econom\u00eda, Industria y Comercio, Ministerio de trabajo y Seguridad Social.&nbsp;<\/span><span style=\"background-color: var( --e-global-color-c696dce );\">Organizaciones de la Sociedad Civil, Senderos, Hivos, AED, ACNUR, Yo emprendedor, Transvida, Fundaci\u00f3n Mujer, a<\/span><span style=\"background-color: var( --e-global-color-c696dce );\">dem\u00e1s de otros sectores, Fundepos, HIAS, CDL, OIT.<\/span><\/p>\n<p><span style=\"font-weight: 400;\">Todas estas entrevistas se realizaron con el objetivo de conocer el estado de la situaci\u00f3n de las personas solicitantes de Refugio LGBTIQ, para poder realizar recomendaciones espec\u00edficas y con conocimiento.<\/span><\/p>\n<p>Pr\u00f3ximamente se estar\u00e1 publicando el informe.&nbsp;<span style=\"font-weight: 400;\"><br><\/span><\/p><\/div>\n\t\t\t\t<\/div>\n\t\t\t\t\t\t\t<div class=\"elementor-accordion-item\">\n\t\t\t\t\t<div id=\"elementor-tab-title-1243\" class=\"elementor-tab-title\" data-tab=\"3\" role=\"button\" aria-controls=\"elementor-tab-content-1243\" aria-expanded=\"false\">\n\t\t\t\t\t\t\t\t\t\t\t\t\t<span class=\"elementor-accordion-icon elementor-accordion-icon-left\" aria-hidden=\"true\">\n\t\t\t\t\t\t\t\t\t\t\t\t\t\t\t<span class=\"elementor-accordion-icon-closed\"><svg class=\"e-font-icon-svg e-fas-plus\" viewbox=\"0 0 448 512\" xmlns=\"http:\/\/www.w3.org\/2000\/svg\"><path d=\"M416 208H272V64c0-17.67-14.33-32-32-32h-32c-17.67 0-32 14.33-32 32v144H32c-17.67 0-32 14.33-32 32v32c0 17.67 14.33 32 32 32h144v144c0 17.67 14.33 32 32 32h32c17.67 0 32-14.33 32-32V304h144c17.67 0 32-14.33 32-32v-32c0-17.67-14.33-32-32-32z\"><\/path><\/svg><\/span>\n\t\t\t\t\t\t\t\t<span class=\"elementor-accordion-icon-opened\"><svg class=\"e-font-icon-svg e-fas-minus\" viewbox=\"0 0 448 512\" xmlns=\"http:\/\/www.w3.org\/2000\/svg\"><path d=\"M416 208H32c-17.67 0-32 14.33-32 32v32c0 17.67 14.33 32 32 32h384c17.67 0 32-14.33 32-32v-32c0-17.67-14.33-32-32-32z\"><\/path><\/svg><\/span>\n\t\t\t\t\t\t\t\t\t\t\t\t\t\t<\/span>\n\t\t\t\t\t\t\t\t\t\t\t\t<a class=\"elementor-accordion-title\" tabindex=\"0\">ILDA: Haciendo visible la violencia por orientaci\u00f3n sexual e identidad de G\u00e9nero en Centroam\u00e9rica \/2023\/<\/a>\n\t\t\t\t\t<\/div>\n\t\t\t\t\t<div id=\"elementor-tab-content-1243\" class=\"elementor-tab-content elementor-clearfix\" data-tab=\"3\" role=\"region\" aria-labelledby=\"elementor-tab-title-1243\"><p><span style=\"font-weight: 400;\">El objetivo de esta investigaci\u00f3n es incidir en el <\/span><span style=\"font-weight: 400;\">planteamiento de pol\u00edticas p\u00fablicas y privadas que apoyen los derechos humanos de la <\/span><span style=\"font-weight: 400;\">poblaci\u00f3n LGTBIQ y el fortalecimiento de democracias m\u00e1s inclusivas en la regi\u00f3n <\/span><span style=\"font-weight: 400;\">centroamericana mediante el desarrollo de capacidades t\u00e9cnicas en la OBC asignada para el <\/span><span style=\"font-weight: 400;\">uso, an\u00e1lisis y difusi\u00f3n de datos abiertos sobre violencia por orientaci\u00f3n sexual e identidad de <\/span><span style=\"font-weight: 400;\">g\u00e9nero.<\/span><\/p>\n<p><span style=\"font-weight: 400;\">Primero se hizo un diagn\u00f3stico de datos, para conocer a las organizaciones que est\u00e1n participando a nivel regional, y la forma en que recuperan datos, cuales y como podemos generar su homologaci\u00f3n.<\/span><\/p>\n<p><span style=\"font-weight: 400;\">Luego se realizaron varias capacitaciones en el mismo tema para poder comenzar con el trabajo de&nbsp;<\/span><span style=\"background-color: var( --e-global-color-c696dce );\">recuperaci\u00f3n,&nbsp;<\/span><span style=\"background-color: var( --e-global-color-c696dce );\">monitoreo<\/span><span style=\"background-color: var( --e-global-color-c696dce );\">&nbsp;y&nbsp;<\/span><span style=\"background-color: var( --e-global-color-c696dce );\">visualizaci\u00f3n<\/span><span style=\"background-color: var( --e-global-color-c696dce );\">&nbsp;de datos<\/span><span style=\"background-color: var( --e-global-color-c696dce );\">&nbsp;en las propias organizaciones, entre otras cosas.<\/span><\/p>\n<p><span style=\"font-weight: 400;\">Se realiz\u00f3 tambi\u00e9n una evaluaci\u00f3n de datos abiertos en Costa Rica sobre violencia, saber que organizaciones comparten datos o que investigaciones se han hecho hacia la recuperaci\u00f3n de datos en temas de violencia y discriminaci\u00f3n hacia la poblaci\u00f3n LGBTIQ.&nbsp;<\/span><span style=\"background-color: var( --e-global-color-c696dce );\">Definir entre las organizaciones el tema de violencia por prejuicio y<\/span><span style=\"background-color: var( --e-global-color-c696dce );\">&nbsp;cu\u00e1les van a ser las variables del estudio para poder comenzar con la recuperaci\u00f3n.<\/span><\/p><\/div>\n\t\t\t\t<\/div>\n\t\t\t\t\t\t\t\t<\/div>\n\t\t\t\t\t\t<\/div>\n\t\t\t\t<\/div>\n\t\t\t\t\t<\/div>\n\t\t\t\t<\/div>\n\t\t\t\t<\/div>","protected":false},"excerpt":{"rendered":"<p>Investigaci\u00f3n Para IRCA CASABIERTA, la investigaci\u00f3n es fundamental en el crecimiento institucional, el proyecto IRCA CASABIERTA comienza a crecer gracias a un An\u00e1lisis Cualitativo: sobre las \u201cNecesidades de las poblaciones LGBTIQ solicitantes de refugio en Costa Rica\u201d en el 2019, donde le permiti\u00f3 al equipo t\u00e9cnico acercarse a la poblaci\u00f3n migrante LGBTIQ y conocer sus<\/p>","protected":false},"author":1,"featured_media":0,"parent":0,"menu_order":0,"comment_status":"closed","ping_status":"closed","template":"","meta":{"_rtcl_gb_attr":"","footnotes":""},"class_list":["post-283","page","type-page","status-publish","hentry"],"yoast_head":"<!-- This site is optimized with the Yoast SEO plugin v27.1.1 - https:\/\/yoast.com\/product\/yoast-seo-wordpress\/ -->\n<title>Investigaci\u00f3n - IRCA CASABIERTA<\/title>\n<meta name=\"robots\" content=\"index, follow, max-snippet:-1, max-image-preview:large, max-video-preview:-1\" \/>\n<link rel=\"canonical\" href=\"https:\/\/ircacasabierta.org\/en\/investigacion\/\" \/>\n<meta property=\"og:locale\" content=\"en_US\" \/>\n<meta property=\"og:type\" content=\"article\" \/>\n<meta property=\"og:title\" content=\"Investigaci\u00f3n - IRCA CASABIERTA\" \/>\n<meta property=\"og:description\" content=\"Investigaci\u00f3n Para IRCA CASABIERTA, la investigaci\u00f3n es fundamental en el crecimiento institucional, el proyecto IRCA CASABIERTA comienza a crecer gracias a un An\u00e1lisis Cualitativo: sobre las \u201cNecesidades de las poblaciones LGBTIQ solicitantes de refugio en Costa Rica\u201d en el 2019, donde le permiti\u00f3 al equipo t\u00e9cnico acercarse a la poblaci\u00f3n migrante LGBTIQ y conocer sus\" \/>\n<meta property=\"og:url\" content=\"https:\/\/ircacasabierta.org\/en\/investigacion\/\" \/>\n<meta property=\"og:site_name\" content=\"IRCA CASABIERTA\" \/>\n<meta property=\"article:publisher\" content=\"https:\/\/www.facebook.com\/IRCA.CASABIERTA\" \/>\n<meta property=\"article:modified_time\" content=\"2023-11-24T20:27:28+00:00\" \/>\n<meta name=\"twitter:card\" content=\"summary_large_image\" \/>\n<meta name=\"twitter:site\" content=\"@ICasabierta\" \/>\n<meta name=\"twitter:label1\" content=\"Est. reading time\" \/>\n\t<meta name=\"twitter:data1\" content=\"5 minutes\" \/>\n<script type=\"application\/ld+json\" class=\"yoast-schema-graph\">{\"@context\":\"https:\/\/schema.org\",\"@graph\":[{\"@type\":\"WebPage\",\"@id\":\"https:\/\/ircacasabierta.org\/investigacion\/\",\"url\":\"https:\/\/ircacasabierta.org\/investigacion\/\",\"name\":\"Investigaci\u00f3n - IRCA CASABIERTA\",\"isPartOf\":{\"@id\":\"https:\/\/ircacasabierta.org\/#website\"},\"datePublished\":\"2023-09-25T21:50:07+00:00\",\"dateModified\":\"2023-11-24T20:27:28+00:00\",\"breadcrumb\":{\"@id\":\"https:\/\/ircacasabierta.org\/investigacion\/#breadcrumb\"},\"inLanguage\":\"en-US\",\"potentialAction\":[{\"@type\":\"ReadAction\",\"target\":[\"https:\/\/ircacasabierta.org\/investigacion\/\"]}]},{\"@type\":\"BreadcrumbList\",\"@id\":\"https:\/\/ircacasabierta.org\/investigacion\/#breadcrumb\",\"itemListElement\":[{\"@type\":\"ListItem\",\"position\":1,\"name\":\"Portada\",\"item\":\"https:\/\/ircacasabierta.org\/\"},{\"@type\":\"ListItem\",\"position\":2,\"name\":\"Investigaci\u00f3n\"}]},{\"@type\":\"WebSite\",\"@id\":\"https:\/\/ircacasabierta.org\/#website\",\"url\":\"https:\/\/ircacasabierta.org\/\",\"name\":\"IRCA CASABIERTA\",\"description\":\"Instituto sobre Migraci\u00f3n y Refugio LGBTIQ para Centroam\u00e9rica\",\"publisher\":{\"@id\":\"https:\/\/ircacasabierta.org\/#organization\"},\"potentialAction\":[{\"@type\":\"SearchAction\",\"target\":{\"@type\":\"EntryPoint\",\"urlTemplate\":\"https:\/\/ircacasabierta.org\/?s={search_term_string}\"},\"query-input\":{\"@type\":\"PropertyValueSpecification\",\"valueRequired\":true,\"valueName\":\"search_term_string\"}}],\"inLanguage\":\"en-US\"},{\"@type\":\"Organization\",\"@id\":\"https:\/\/ircacasabierta.org\/#organization\",\"name\":\"IRCA CASABIERTA\",\"url\":\"https:\/\/ircacasabierta.org\/\",\"logo\":{\"@type\":\"ImageObject\",\"inLanguage\":\"en-US\",\"@id\":\"https:\/\/ircacasabierta.org\/#\/schema\/logo\/image\/\",\"url\":\"https:\/\/ircacasabierta.org\/wp-content\/uploads\/2023\/09\/LOGOTIPO-IRCA-CASABIERTA-COMPLETO.png\",\"contentUrl\":\"https:\/\/ircacasabierta.org\/wp-content\/uploads\/2023\/09\/LOGOTIPO-IRCA-CASABIERTA-COMPLETO.png\",\"width\":1651,\"height\":474,\"caption\":\"IRCA CASABIERTA\"},\"image\":{\"@id\":\"https:\/\/ircacasabierta.org\/#\/schema\/logo\/image\/\"},\"sameAs\":[\"https:\/\/www.facebook.com\/IRCA.CASABIERTA\",\"https:\/\/x.com\/ICasabierta\",\"https:\/\/www.instagram.com\/ircacasabierta\/\"]}]}<\/script>\n<!-- \/ Yoast SEO plugin. -->","yoast_head_json":{"title":"Investigaci\u00f3n - IRCA CASABIERTA","robots":{"index":"index","follow":"follow","max-snippet":"max-snippet:-1","max-image-preview":"max-image-preview:large","max-video-preview":"max-video-preview:-1"},"canonical":"https:\/\/ircacasabierta.org\/en\/investigacion\/","og_locale":"en_US","og_type":"article","og_title":"Investigaci\u00f3n - IRCA CASABIERTA","og_description":"Investigaci\u00f3n Para IRCA CASABIERTA, la investigaci\u00f3n es fundamental en el crecimiento institucional, el proyecto IRCA CASABIERTA comienza a crecer gracias a un An\u00e1lisis Cualitativo: sobre las \u201cNecesidades de las poblaciones LGBTIQ solicitantes de refugio en Costa Rica\u201d en el 2019, donde le permiti\u00f3 al equipo t\u00e9cnico acercarse a la poblaci\u00f3n migrante LGBTIQ y conocer sus","og_url":"https:\/\/ircacasabierta.org\/en\/investigacion\/","og_site_name":"IRCA CASABIERTA","article_publisher":"https:\/\/www.facebook.com\/IRCA.CASABIERTA","article_modified_time":"2023-11-24T20:27:28+00:00","twitter_card":"summary_large_image","twitter_site":"@ICasabierta","twitter_misc":{"Est. reading time":"5 minutes"},"schema":{"@context":"https:\/\/schema.org","@graph":[{"@type":"WebPage","@id":"https:\/\/ircacasabierta.org\/investigacion\/","url":"https:\/\/ircacasabierta.org\/investigacion\/","name":"Investigaci\u00f3n - IRCA CASABIERTA","isPartOf":{"@id":"https:\/\/ircacasabierta.org\/#website"},"datePublished":"2023-09-25T21:50:07+00:00","dateModified":"2023-11-24T20:27:28+00:00","breadcrumb":{"@id":"https:\/\/ircacasabierta.org\/investigacion\/#breadcrumb"},"inLanguage":"en-US","potentialAction":[{"@type":"ReadAction","target":["https:\/\/ircacasabierta.org\/investigacion\/"]}]},{"@type":"BreadcrumbList","@id":"https:\/\/ircacasabierta.org\/investigacion\/#breadcrumb","itemListElement":[{"@type":"ListItem","position":1,"name":"Portada","item":"https:\/\/ircacasabierta.org\/"},{"@type":"ListItem","position":2,"name":"Investigaci\u00f3n"}]},{"@type":"WebSite","@id":"https:\/\/ircacasabierta.org\/#website","url":"https:\/\/ircacasabierta.org\/","name":"IRCA CASABIERTA","description":"Instituto sobre Migraci\u00f3n y Refugio LGBTIQ para Centroam\u00e9rica","publisher":{"@id":"https:\/\/ircacasabierta.org\/#organization"},"potentialAction":[{"@type":"SearchAction","target":{"@type":"EntryPoint","urlTemplate":"https:\/\/ircacasabierta.org\/?s={search_term_string}"},"query-input":{"@type":"PropertyValueSpecification","valueRequired":true,"valueName":"search_term_string"}}],"inLanguage":"en-US"},{"@type":"Organization","@id":"https:\/\/ircacasabierta.org\/#organization","name":"IRCA CASABIERTA","url":"https:\/\/ircacasabierta.org\/","logo":{"@type":"ImageObject","inLanguage":"en-US","@id":"https:\/\/ircacasabierta.org\/#\/schema\/logo\/image\/","url":"https:\/\/ircacasabierta.org\/wp-content\/uploads\/2023\/09\/LOGOTIPO-IRCA-CASABIERTA-COMPLETO.png","contentUrl":"https:\/\/ircacasabierta.org\/wp-content\/uploads\/2023\/09\/LOGOTIPO-IRCA-CASABIERTA-COMPLETO.png","width":1651,"height":474,"caption":"IRCA CASABIERTA"},"image":{"@id":"https:\/\/ircacasabierta.org\/#\/schema\/logo\/image\/"},"sameAs":["https:\/\/www.facebook.com\/IRCA.CASABIERTA","https:\/\/x.com\/ICasabierta","https:\/\/www.instagram.com\/ircacasabierta\/"]}]}},"_links":{"self":[{"href":"https:\/\/ircacasabierta.org\/en\/wp-json\/wp\/v2\/pages\/283","targetHints":{"allow":["GET"]}}],"collection":[{"href":"https:\/\/ircacasabierta.org\/en\/wp-json\/wp\/v2\/pages"}],"about":[{"href":"https:\/\/ircacasabierta.org\/en\/wp-json\/wp\/v2\/types\/page"}],"author":[{"embeddable":true,"href":"https:\/\/ircacasabierta.org\/en\/wp-json\/wp\/v2\/users\/1"}],"replies":[{"embeddable":true,"href":"https:\/\/ircacasabierta.org\/en\/wp-json\/wp\/v2\/comments?post=283"}],"version-history":[{"count":25,"href":"https:\/\/ircacasabierta.org\/en\/wp-json\/wp\/v2\/pages\/283\/revisions"}],"predecessor-version":[{"id":10555,"href":"https:\/\/ircacasabierta.org\/en\/wp-json\/wp\/v2\/pages\/283\/revisions\/10555"}],"wp:attachment":[{"href":"https:\/\/ircacasabierta.org\/en\/wp-json\/wp\/v2\/media?parent=283"}],"curies":[{"name":"wp","href":"https:\/\/api.w.org\/{rel}","templated":true}]}}