{"id":257,"date":"2023-09-25T21:39:54","date_gmt":"2023-09-25T21:39:54","guid":{"rendered":"https:\/\/ircacasabierta.org\/?page_id=257"},"modified":"2024-02-05T14:19:37","modified_gmt":"2024-02-05T20:19:37","slug":"psicologia","status":"publish","type":"page","link":"https:\/\/ircacasabierta.org\/en\/psicologia\/","title":{"rendered":"Psicolog\u00eda"},"content":{"rendered":"<div data-elementor-type=\"wp-post\" data-elementor-id=\"257\" class=\"elementor elementor-257\" data-elementor-post-type=\"page\">\n\t\t\t\t<div class=\"elementor-element elementor-element-37c0d80 e-con-full e-flex e-con e-parent\" data-id=\"37c0d80\" data-element_type=\"container\" data-e-type=\"container\">\n\t\t<div class=\"elementor-element elementor-element-d698987 e-flex e-con-boxed e-con e-child\" data-id=\"d698987\" data-element_type=\"container\" data-e-type=\"container\" data-settings=\"{&quot;background_background&quot;:&quot;classic&quot;,&quot;animation&quot;:&quot;none&quot;}\">\n\t\t\t\t\t<div class=\"e-con-inner\">\n\t\t\t\t<div class=\"elementor-element elementor-element-4554b71 elementor-widget__width-initial elementor-invisible elementor-widget elementor-widget-heading\" data-id=\"4554b71\" data-element_type=\"widget\" data-e-type=\"widget\" data-settings=\"{&quot;_animation&quot;:&quot;fadeIn&quot;}\" data-widget_type=\"heading.default\">\n\t\t\t\t<div class=\"elementor-widget-container\">\n\t\t\t\t\t<h2 class=\"elementor-heading-title elementor-size-default\">Conozca el trabajo de Psicolog\u00eda<\/h2>\t\t\t\t<\/div>\n\t\t\t\t<\/div>\n\t\t\t\t\t<\/div>\n\t\t\t\t<\/div>\n\t\t\t\t<\/div>\n\t\t<div class=\"elementor-element elementor-element-dc8133b e-flex e-con-boxed e-con e-parent\" data-id=\"dc8133b\" data-element_type=\"container\" data-e-type=\"container\">\n\t\t\t\t\t<div class=\"e-con-inner\">\n\t\t<div class=\"elementor-element elementor-element-5529737 e-flex e-con-boxed e-con e-child\" data-id=\"5529737\" data-element_type=\"container\" data-e-type=\"container\">\n\t\t\t\t\t<div class=\"e-con-inner\">\n\t\t<div class=\"elementor-element elementor-element-34f98b3 e-grid e-con-boxed e-con e-child\" data-id=\"34f98b3\" data-element_type=\"container\" data-e-type=\"container\">\n\t\t\t\t\t<div class=\"e-con-inner\">\n\t\t\t\t<div class=\"elementor-element elementor-element-2dfbf49 elementor-widget elementor-widget-text-editor\" data-id=\"2dfbf49\" data-element_type=\"widget\" data-e-type=\"widget\" data-widget_type=\"text-editor.default\">\n\t\t\t\t<div class=\"elementor-widget-container\">\n\t\t\t\t\t\t\t\t\t<p><strong>La psicolog\u00eda cl\u00ednica <\/strong>en IRCA CASABIERTA<strong>&nbsp;<\/strong><span style=\"text-align: var(--text-align); background-color: var( --e-global-color-c696dce );\">realiza la atenci\u00f3n cl\u00ednica psicol\u00f3gica e intervenci\u00f3n en crisis para la poblaci\u00f3n de inter\u00e9s, adem\u00e1s de la creaci\u00f3n y desarrollo de grupos de apoyo.<\/span><\/p>\n<p><span style=\"background-color: var( --e-global-color-c696dce ); text-align: var(--text-align);\">&nbsp;<\/span><br><\/p>\t\t\t\t\t\t\t\t<\/div>\n\t\t\t\t<\/div>\n\t\t\t\t\t<\/div>\n\t\t\t\t<\/div>\n\t\t\t\t\t<\/div>\n\t\t\t\t<\/div>\n\t\t\t\t\t<\/div>\n\t\t\t\t<\/div>\n\t\t<div class=\"elementor-element elementor-element-510b9c4 e-flex e-con-boxed elementor-invisible e-con e-parent\" data-id=\"510b9c4\" data-element_type=\"container\" data-e-type=\"container\" data-settings=\"{&quot;animation&quot;:&quot;fadeInUp&quot;}\">\n\t\t\t\t\t<div class=\"e-con-inner\">\n\t\t<div class=\"elementor-element elementor-element-d8e627c e-grid e-con-boxed e-con e-child\" data-id=\"d8e627c\" data-element_type=\"container\" data-e-type=\"container\">\n\t\t\t\t\t<div class=\"e-con-inner\">\n\t\t\t\t<div class=\"elementor-element elementor-element-4e921d8 elementor-flip-box--effect-fade elementor-widget elementor-widget-flip-box\" data-id=\"4e921d8\" data-element_type=\"widget\" data-e-type=\"widget\" data-widget_type=\"flip-box.default\">\n\t\t\t\t<div class=\"elementor-widget-container\">\n\t\t\t\t\t\t\t<div class=\"elementor-flip-box\" tabindex=\"0\">\n\t\t\t<div class=\"elementor-flip-box__layer elementor-flip-box__front\">\n\t\t\t\t<div class=\"elementor-flip-box__layer__overlay\">\n\t\t\t\t\t<div class=\"elementor-flip-box__layer__inner\">\n\t\t\t\t\t\t\t\t\t\t\t\t\t<div class=\"elementor-icon-wrapper elementor-view-default\">\n\t\t\t\t\t\t\t\t<div class=\"elementor-icon\">\n\t\t\t\t\t\t\t\t\t\t\t\t\t\t\t\t\t<\/div>\n\t\t\t\t\t\t\t<\/div>\n\t\t\t\t\t\t\n\t\t\t\t\t\t\t\t\t\t\t\t\t<h3 class=\"elementor-flip-box__layer__title\">\n\t\t\t\t\t\t\t\tAtenci\u00f3n individual\t\t\t\t\t\t\t<\/h3>\n\t\t\t\t\t\t\n\t\t\t\t\t\t\t\t\t\t\t<\/div>\n\t\t\t\t<\/div>\n\t\t\t<\/div>\n\t\t\t<div class=\"elementor-flip-box__layer elementor-flip-box__back\">\n\t\t\t<div class=\"elementor-flip-box__layer__overlay\">\n\t\t\t\t<div class=\"elementor-flip-box__layer__inner\">\n\t\t\t\t\t\n\t\t\t\t\t\t\t\t\t\t\t<div class=\"elementor-flip-box__layer__description\">\n\t\t\t\t\t\t\tAtenci\u00f3n cl\u00ednica presencial, virtual y\/o telef\u00f3nica, recibir referencias para atenci\u00f3n cl\u00ednica de parte de Veedur\u00eda, Trabajo social, Legal y del Centro de Integraci\u00f3n y Desarrollo\t\t\t\t\t\t<\/div>\n\t\t\t\t\t\n\t\t\t\t\t\t\t\t<\/div>\n\t\t<\/div>\n\t\t<\/div>\n\t\t<\/div>\n\t\t\t\t\t\t<\/div>\n\t\t\t\t<\/div>\n\t\t\t\t<div class=\"elementor-element elementor-element-3152994 elementor-flip-box--effect-fade elementor-widget elementor-widget-flip-box\" data-id=\"3152994\" data-element_type=\"widget\" data-e-type=\"widget\" data-widget_type=\"flip-box.default\">\n\t\t\t\t<div class=\"elementor-widget-container\">\n\t\t\t\t\t\t\t<div class=\"elementor-flip-box\" tabindex=\"0\">\n\t\t\t<div class=\"elementor-flip-box__layer elementor-flip-box__front\">\n\t\t\t\t<div class=\"elementor-flip-box__layer__overlay\">\n\t\t\t\t\t<div class=\"elementor-flip-box__layer__inner\">\n\t\t\t\t\t\t\t\t\t\t\t\t\t<div class=\"elementor-icon-wrapper elementor-view-default\">\n\t\t\t\t\t\t\t\t<div class=\"elementor-icon\">\n\t\t\t\t\t\t\t\t\t\t\t\t\t\t\t\t\t<\/div>\n\t\t\t\t\t\t\t<\/div>\n\t\t\t\t\t\t\n\t\t\t\t\t\t\t\t\t\t\t\t\t<h3 class=\"elementor-flip-box__layer__title\">\n\t\t\t\t\t\t\t\tGrupos de apoyo\t\t\t\t\t\t\t<\/h3>\n\t\t\t\t\t\t\n\t\t\t\t\t\t\t\t\t\t\t<\/div>\n\t\t\t\t<\/div>\n\t\t\t<\/div>\n\t\t\t<div class=\"elementor-flip-box__layer elementor-flip-box__back\">\n\t\t\t<div class=\"elementor-flip-box__layer__overlay\">\n\t\t\t\t<div class=\"elementor-flip-box__layer__inner\">\n\t\t\t\t\t\n\t\t\t\t\t\t\t\t\t\t\t<div class=\"elementor-flip-box__layer__description\">\n\t\t\t\t\t\t\tCoordinaci\u00f3n, planificaci\u00f3n, creaci\u00f3n de materiales y facilitaci\u00f3n (en conjunto con Trabajo Social) de los grupos de\napoyo.\t\t\t\t\t\t<\/div>\n\t\t\t\t\t\n\t\t\t\t\t\t\t\t<\/div>\n\t\t<\/div>\n\t\t<\/div>\n\t\t<\/div>\n\t\t\t\t\t\t<\/div>\n\t\t\t\t<\/div>\n\t\t\t\t<div class=\"elementor-element elementor-element-9a8229c elementor-flip-box--effect-fade elementor-widget elementor-widget-flip-box\" data-id=\"9a8229c\" data-element_type=\"widget\" data-e-type=\"widget\" data-widget_type=\"flip-box.default\">\n\t\t\t\t<div class=\"elementor-widget-container\">\n\t\t\t\t\t\t\t<div class=\"elementor-flip-box\" tabindex=\"0\">\n\t\t\t<div class=\"elementor-flip-box__layer elementor-flip-box__front\">\n\t\t\t\t<div class=\"elementor-flip-box__layer__overlay\">\n\t\t\t\t\t<div class=\"elementor-flip-box__layer__inner\">\n\t\t\t\t\t\t\t\t\t\t\t\t\t<div class=\"elementor-icon-wrapper elementor-view-default\">\n\t\t\t\t\t\t\t\t<div class=\"elementor-icon\">\n\t\t\t\t\t\t\t\t\t\t\t\t\t\t\t\t\t<\/div>\n\t\t\t\t\t\t\t<\/div>\n\t\t\t\t\t\t\n\t\t\t\t\t\t\t\t\t\t\t\t\t<h3 class=\"elementor-flip-box__layer__title\">\n\t\t\t\t\t\t\t\tAdministrativo\t\t\t\t\t\t\t<\/h3>\n\t\t\t\t\t\t\n\t\t\t\t\t\t\t\t\t\t\t<\/div>\n\t\t\t\t<\/div>\n\t\t\t<\/div>\n\t\t\t<div class=\"elementor-flip-box__layer elementor-flip-box__back\">\n\t\t\t<div class=\"elementor-flip-box__layer__overlay\">\n\t\t\t\t<div class=\"elementor-flip-box__layer__inner\">\n\t\t\t\t\t\n\t\t\t\t\t\t\t\t\t\t\t<div class=\"elementor-flip-box__layer__description\">\n\t\t\t\t\t\t\tContactar con las personas de inter\u00e9s para coordinar el proceso de atenci\u00f3n cl\u00ednica, creaci\u00f3n de informes mensuales de citas y asistencias\nindividuales en la atenci\u00f3n cl\u00ednica.\n\t\t\t\t\t\t<\/div>\n\t\t\t\t\t\n\t\t\t\t\t\t\t\t<\/div>\n\t\t<\/div>\n\t\t<\/div>\n\t\t<\/div>\n\t\t\t\t\t\t<\/div>\n\t\t\t\t<\/div>\n\t\t\t\t\t<\/div>\n\t\t\t\t<\/div>\n\t\t\t\t\t<\/div>\n\t\t\t\t<\/div>\n\t\t<div class=\"elementor-element elementor-element-6657b56 e-flex e-con-boxed e-con e-parent\" data-id=\"6657b56\" data-element_type=\"container\" data-e-type=\"container\">\n\t\t\t\t\t<div class=\"e-con-inner\">\n\t\t\t\t\t<\/div>\n\t\t\t\t<\/div>\n\t\t\t\t<\/div>","protected":false},"excerpt":{"rendered":"<p>Conozca el trabajo de Psicolog\u00eda La psicolog\u00eda cl\u00ednica en IRCA CASABIERTA&nbsp;realiza la atenci\u00f3n cl\u00ednica psicol\u00f3gica e intervenci\u00f3n en crisis para la poblaci\u00f3n de inter\u00e9s, adem\u00e1s de la creaci\u00f3n y desarrollo de grupos de apoyo. &nbsp; Atenci\u00f3n individual Atenci\u00f3n cl\u00ednica presencial, virtual y\/o telef\u00f3nica, recibir referencias para atenci\u00f3n cl\u00ednica de parte de Veedur\u00eda, Trabajo social, Legal<\/p>","protected":false},"author":1,"featured_media":0,"parent":0,"menu_order":0,"comment_status":"closed","ping_status":"closed","template":"","meta":{"_rtcl_gb_attr":"","footnotes":""},"class_list":["post-257","page","type-page","status-publish","hentry"],"yoast_head":"<!-- This site is optimized with the Yoast SEO plugin v27.1.1 - https:\/\/yoast.com\/product\/yoast-seo-wordpress\/ -->\n<title>Psicolog\u00eda - IRCA CASABIERTA<\/title>\n<meta name=\"robots\" content=\"index, follow, max-snippet:-1, max-image-preview:large, max-video-preview:-1\" \/>\n<link rel=\"canonical\" href=\"https:\/\/ircacasabierta.org\/en\/psicologia\/\" \/>\n<meta property=\"og:locale\" content=\"en_US\" \/>\n<meta property=\"og:type\" content=\"article\" \/>\n<meta property=\"og:title\" content=\"Psicolog\u00eda - IRCA CASABIERTA\" \/>\n<meta property=\"og:description\" content=\"Conozca el trabajo de Psicolog\u00eda La psicolog\u00eda cl\u00ednica en IRCA CASABIERTA&nbsp;realiza la atenci\u00f3n cl\u00ednica psicol\u00f3gica e intervenci\u00f3n en crisis para la poblaci\u00f3n de inter\u00e9s, adem\u00e1s de la creaci\u00f3n y desarrollo de grupos de apoyo. &nbsp; Atenci\u00f3n individual Atenci\u00f3n cl\u00ednica presencial, virtual y\/o telef\u00f3nica, recibir referencias para atenci\u00f3n cl\u00ednica de parte de Veedur\u00eda, Trabajo social, Legal\" \/>\n<meta property=\"og:url\" content=\"https:\/\/ircacasabierta.org\/en\/psicologia\/\" \/>\n<meta property=\"og:site_name\" content=\"IRCA CASABIERTA\" \/>\n<meta property=\"article:publisher\" content=\"https:\/\/www.facebook.com\/IRCA.CASABIERTA\" \/>\n<meta property=\"article:modified_time\" content=\"2024-02-05T20:19:37+00:00\" \/>\n<meta name=\"twitter:card\" content=\"summary_large_image\" \/>\n<meta name=\"twitter:site\" content=\"@ICasabierta\" \/>\n<meta name=\"twitter:label1\" content=\"Est. reading time\" \/>\n\t<meta name=\"twitter:data1\" content=\"1 minute\" \/>\n<script type=\"application\/ld+json\" class=\"yoast-schema-graph\">{\"@context\":\"https:\/\/schema.org\",\"@graph\":[{\"@type\":\"WebPage\",\"@id\":\"https:\/\/ircacasabierta.org\/psicologia\/\",\"url\":\"https:\/\/ircacasabierta.org\/psicologia\/\",\"name\":\"Psicolog\u00eda - IRCA CASABIERTA\",\"isPartOf\":{\"@id\":\"https:\/\/ircacasabierta.org\/#website\"},\"datePublished\":\"2023-09-25T21:39:54+00:00\",\"dateModified\":\"2024-02-05T20:19:37+00:00\",\"breadcrumb\":{\"@id\":\"https:\/\/ircacasabierta.org\/psicologia\/#breadcrumb\"},\"inLanguage\":\"en-US\",\"potentialAction\":[{\"@type\":\"ReadAction\",\"target\":[\"https:\/\/ircacasabierta.org\/psicologia\/\"]}]},{\"@type\":\"BreadcrumbList\",\"@id\":\"https:\/\/ircacasabierta.org\/psicologia\/#breadcrumb\",\"itemListElement\":[{\"@type\":\"ListItem\",\"position\":1,\"name\":\"Portada\",\"item\":\"https:\/\/ircacasabierta.org\/\"},{\"@type\":\"ListItem\",\"position\":2,\"name\":\"Psicolog\u00eda\"}]},{\"@type\":\"WebSite\",\"@id\":\"https:\/\/ircacasabierta.org\/#website\",\"url\":\"https:\/\/ircacasabierta.org\/\",\"name\":\"IRCA CASABIERTA\",\"description\":\"Instituto sobre Migraci\u00f3n y Refugio LGBTIQ para Centroam\u00e9rica\",\"publisher\":{\"@id\":\"https:\/\/ircacasabierta.org\/#organization\"},\"potentialAction\":[{\"@type\":\"SearchAction\",\"target\":{\"@type\":\"EntryPoint\",\"urlTemplate\":\"https:\/\/ircacasabierta.org\/?s={search_term_string}\"},\"query-input\":{\"@type\":\"PropertyValueSpecification\",\"valueRequired\":true,\"valueName\":\"search_term_string\"}}],\"inLanguage\":\"en-US\"},{\"@type\":\"Organization\",\"@id\":\"https:\/\/ircacasabierta.org\/#organization\",\"name\":\"IRCA CASABIERTA\",\"url\":\"https:\/\/ircacasabierta.org\/\",\"logo\":{\"@type\":\"ImageObject\",\"inLanguage\":\"en-US\",\"@id\":\"https:\/\/ircacasabierta.org\/#\/schema\/logo\/image\/\",\"url\":\"https:\/\/ircacasabierta.org\/wp-content\/uploads\/2023\/09\/LOGOTIPO-IRCA-CASABIERTA-COMPLETO.png\",\"contentUrl\":\"https:\/\/ircacasabierta.org\/wp-content\/uploads\/2023\/09\/LOGOTIPO-IRCA-CASABIERTA-COMPLETO.png\",\"width\":1651,\"height\":474,\"caption\":\"IRCA CASABIERTA\"},\"image\":{\"@id\":\"https:\/\/ircacasabierta.org\/#\/schema\/logo\/image\/\"},\"sameAs\":[\"https:\/\/www.facebook.com\/IRCA.CASABIERTA\",\"https:\/\/x.com\/ICasabierta\",\"https:\/\/www.instagram.com\/ircacasabierta\/\"]}]}<\/script>\n<!-- \/ Yoast SEO plugin. -->","yoast_head_json":{"title":"Psicolog\u00eda - IRCA CASABIERTA","robots":{"index":"index","follow":"follow","max-snippet":"max-snippet:-1","max-image-preview":"max-image-preview:large","max-video-preview":"max-video-preview:-1"},"canonical":"https:\/\/ircacasabierta.org\/en\/psicologia\/","og_locale":"en_US","og_type":"article","og_title":"Psicolog\u00eda - IRCA CASABIERTA","og_description":"Conozca el trabajo de Psicolog\u00eda La psicolog\u00eda cl\u00ednica en IRCA CASABIERTA&nbsp;realiza la atenci\u00f3n cl\u00ednica psicol\u00f3gica e intervenci\u00f3n en crisis para la poblaci\u00f3n de inter\u00e9s, adem\u00e1s de la creaci\u00f3n y desarrollo de grupos de apoyo. &nbsp; Atenci\u00f3n individual Atenci\u00f3n cl\u00ednica presencial, virtual y\/o telef\u00f3nica, recibir referencias para atenci\u00f3n cl\u00ednica de parte de Veedur\u00eda, Trabajo social, Legal","og_url":"https:\/\/ircacasabierta.org\/en\/psicologia\/","og_site_name":"IRCA CASABIERTA","article_publisher":"https:\/\/www.facebook.com\/IRCA.CASABIERTA","article_modified_time":"2024-02-05T20:19:37+00:00","twitter_card":"summary_large_image","twitter_site":"@ICasabierta","twitter_misc":{"Est. reading time":"1 minute"},"schema":{"@context":"https:\/\/schema.org","@graph":[{"@type":"WebPage","@id":"https:\/\/ircacasabierta.org\/psicologia\/","url":"https:\/\/ircacasabierta.org\/psicologia\/","name":"Psicolog\u00eda - IRCA CASABIERTA","isPartOf":{"@id":"https:\/\/ircacasabierta.org\/#website"},"datePublished":"2023-09-25T21:39:54+00:00","dateModified":"2024-02-05T20:19:37+00:00","breadcrumb":{"@id":"https:\/\/ircacasabierta.org\/psicologia\/#breadcrumb"},"inLanguage":"en-US","potentialAction":[{"@type":"ReadAction","target":["https:\/\/ircacasabierta.org\/psicologia\/"]}]},{"@type":"BreadcrumbList","@id":"https:\/\/ircacasabierta.org\/psicologia\/#breadcrumb","itemListElement":[{"@type":"ListItem","position":1,"name":"Portada","item":"https:\/\/ircacasabierta.org\/"},{"@type":"ListItem","position":2,"name":"Psicolog\u00eda"}]},{"@type":"WebSite","@id":"https:\/\/ircacasabierta.org\/#website","url":"https:\/\/ircacasabierta.org\/","name":"IRCA CASABIERTA","description":"Instituto sobre Migraci\u00f3n y Refugio LGBTIQ para Centroam\u00e9rica","publisher":{"@id":"https:\/\/ircacasabierta.org\/#organization"},"potentialAction":[{"@type":"SearchAction","target":{"@type":"EntryPoint","urlTemplate":"https:\/\/ircacasabierta.org\/?s={search_term_string}"},"query-input":{"@type":"PropertyValueSpecification","valueRequired":true,"valueName":"search_term_string"}}],"inLanguage":"en-US"},{"@type":"Organization","@id":"https:\/\/ircacasabierta.org\/#organization","name":"IRCA CASABIERTA","url":"https:\/\/ircacasabierta.org\/","logo":{"@type":"ImageObject","inLanguage":"en-US","@id":"https:\/\/ircacasabierta.org\/#\/schema\/logo\/image\/","url":"https:\/\/ircacasabierta.org\/wp-content\/uploads\/2023\/09\/LOGOTIPO-IRCA-CASABIERTA-COMPLETO.png","contentUrl":"https:\/\/ircacasabierta.org\/wp-content\/uploads\/2023\/09\/LOGOTIPO-IRCA-CASABIERTA-COMPLETO.png","width":1651,"height":474,"caption":"IRCA CASABIERTA"},"image":{"@id":"https:\/\/ircacasabierta.org\/#\/schema\/logo\/image\/"},"sameAs":["https:\/\/www.facebook.com\/IRCA.CASABIERTA","https:\/\/x.com\/ICasabierta","https:\/\/www.instagram.com\/ircacasabierta\/"]}]}},"_links":{"self":[{"href":"https:\/\/ircacasabierta.org\/en\/wp-json\/wp\/v2\/pages\/257","targetHints":{"allow":["GET"]}}],"collection":[{"href":"https:\/\/ircacasabierta.org\/en\/wp-json\/wp\/v2\/pages"}],"about":[{"href":"https:\/\/ircacasabierta.org\/en\/wp-json\/wp\/v2\/types\/page"}],"author":[{"embeddable":true,"href":"https:\/\/ircacasabierta.org\/en\/wp-json\/wp\/v2\/users\/1"}],"replies":[{"embeddable":true,"href":"https:\/\/ircacasabierta.org\/en\/wp-json\/wp\/v2\/comments?post=257"}],"version-history":[{"count":25,"href":"https:\/\/ircacasabierta.org\/en\/wp-json\/wp\/v2\/pages\/257\/revisions"}],"predecessor-version":[{"id":10749,"href":"https:\/\/ircacasabierta.org\/en\/wp-json\/wp\/v2\/pages\/257\/revisions\/10749"}],"wp:attachment":[{"href":"https:\/\/ircacasabierta.org\/en\/wp-json\/wp\/v2\/media?parent=257"}],"curies":[{"name":"wp","href":"https:\/\/api.w.org\/{rel}","templated":true}]}}