{"id":10460,"date":"2023-11-24T13:14:41","date_gmt":"2023-11-24T19:14:41","guid":{"rendered":"https:\/\/ircacasabierta.org\/?page_id=10460"},"modified":"2023-11-24T13:19:00","modified_gmt":"2023-11-24T19:19:00","slug":"servicios-esenciales","status":"publish","type":"page","link":"https:\/\/ircacasabierta.org\/en\/servicios-esenciales\/","title":{"rendered":"Servicios Esenciales"},"content":{"rendered":"<div data-elementor-type=\"wp-page\" data-elementor-id=\"10460\" class=\"elementor elementor-10460\" data-elementor-post-type=\"page\">\n\t\t\t\t<div class=\"elementor-element elementor-element-779362b e-con-full e-flex e-con e-parent\" data-id=\"779362b\" data-element_type=\"container\" data-e-type=\"container\">\n\t\t<div class=\"elementor-element elementor-element-cbc1ff5 e-con-full e-flex e-con e-child\" data-id=\"cbc1ff5\" data-element_type=\"container\" data-e-type=\"container\">\n\t\t<div class=\"elementor-element elementor-element-91e9c85 e-flex e-con-boxed elementor-invisible e-con e-child\" data-id=\"91e9c85\" data-element_type=\"container\" data-e-type=\"container\" data-settings=\"{&quot;background_background&quot;:&quot;classic&quot;,&quot;animation&quot;:&quot;fadeIn&quot;}\">\n\t\t\t\t\t<div class=\"e-con-inner\">\n\t\t\t\t<div class=\"elementor-element elementor-element-93c9a59 elementor-widget__width-initial elementor-widget elementor-widget-heading\" data-id=\"93c9a59\" data-element_type=\"widget\" data-e-type=\"widget\" data-widget_type=\"heading.default\">\n\t\t\t\t<div class=\"elementor-widget-container\">\n\t\t\t\t\t<h2 class=\"elementor-heading-title elementor-size-default\">Servicios Esenciales<\/h2>\t\t\t\t<\/div>\n\t\t\t\t<\/div>\n\t\t\t\t\t<\/div>\n\t\t\t\t<\/div>\n\t\t\t\t<\/div>\n\t\t\t\t<\/div>\n\t\t<div class=\"elementor-element elementor-element-b003c54 e-flex e-con-boxed e-con e-parent\" data-id=\"b003c54\" data-element_type=\"container\" data-e-type=\"container\">\n\t\t\t\t\t<div class=\"e-con-inner\">\n\t\t<div class=\"elementor-element elementor-element-908109f e-grid e-con-boxed e-con e-child\" data-id=\"908109f\" data-element_type=\"container\" data-e-type=\"container\">\n\t\t\t\t\t<div class=\"e-con-inner\">\n\t\t\t\t<div class=\"elementor-element elementor-element-ece248a elementor-widget elementor-widget-text-editor\" data-id=\"ece248a\" data-element_type=\"widget\" data-e-type=\"widget\" data-widget_type=\"text-editor.default\">\n\t\t\t\t<div class=\"elementor-widget-container\">\n\t\t\t\t\t\t\t\t\t<p><span style=\"font-weight: 400;\">Servicios Esenciales es la primera etapa de atenci\u00f3n de los Apoyos humanitarios que brinda IRCA CASABIERTA a la poblaci\u00f3n LGBTIQ refugiada, solicitante de refugio y migrante.<\/span><\/p><p><span style=\"font-weight: 400;\">Esta etapa est\u00e1 pensada como una ruta de actuaci\u00f3n en cuatro \u00e1reas: Veedur\u00eda social, Trabajo Social, Asesor\u00eda Legal y Psicolog\u00eda.<\/span><\/p><p><span style=\"font-weight: 400;\">Cada una de las \u00e1reas es esencial para la atenci\u00f3n integral a la poblaci\u00f3n de inter\u00e9s desde una visi\u00f3n de reivindicaci\u00f3n de derechos y desde la metodolog\u00eda de la trilog\u00eda para el desarrollo, Salud, Educaci\u00f3n y Trabajo. Esta metodolog\u00eda es extra\u00edda del Manual de \u201cMetodolog\u00eda comunitaria para el desarrollo social\u201d una metodolog\u00eda aplicada en varias comunidades de Centroam\u00e9rica y Am\u00e9rica Latina, donde parten \u201cde una visi\u00f3n radical constructivista, la cual indica que la mujer y el hombre no solamente tienen el derecho de construir su propio futuro, sino tambi\u00e9n la autoridad y la potestad de hacerlo\u201d. Pueden encontrar esta metodolog\u00eda en nuestra Biblioteca.\u00a0<\/span><\/p><p><span style=\"font-weight: 400;\">Ahora bien, \u00bfpor qu\u00e9 vemos a Servicios esenciales como una Ruta?, porqu\u00e9 la Trilog\u00eda para el desarrollo es c\u00edclica y personal, la poblaci\u00f3n LGBTIQ refugiada, solicitante de refugio y migrante, va marcando su camino y la velocidad con la que le apoyamos.\u00a0<\/span><\/p><p><span style=\"font-weight: 400;\">Desde la Direcci\u00f3n de Servicios Esenciales, ofrecemos una gu\u00eda para brindar atenci\u00f3n integral centrada en la persona y orientar sobre c\u00f3mo acceder a los diversos servicios y recursos que Costa Rica, como pa\u00eds promotor de los derechos humanos y uno de los m\u00e1s estables pol\u00edticamente y econ\u00f3micamente en Centroam\u00e9rica, debe proporcionar.&#8221;.<\/span><\/p><p><span style=\"font-weight: 400;\">La Ruta de atenci\u00f3n comienza con Veedur\u00eda Social, la cual es la encargada de realizar la primera entrevista general e ingresar a las personas al sistema de registro propio en IRCA CASABIERTA, y a la vez, brindar acompa\u00f1amiento a las diferentes instituciones e instancias de Costa Rica para la restituci\u00f3n de Derechos.<\/span><\/p><p><span style=\"font-weight: 400;\">Una vez, es atendido por Veedur\u00eda, contin\u00faa la referencia hacia Trabajo Social, quien es la encargada de realizar una entrevista a profundidad y determinar cu\u00e1l es la mejor intervenci\u00f3n de acompa\u00f1amiento que se debe tomar. Asimismo, se realizan referencias para el \u00e1rea legal y de Psicolog\u00eda.<\/span><\/p><p><span style=\"font-weight: 400;\">Por su parte, el \u00e1rea legal\u00a0 se encarga de brindar la informaci\u00f3n esencial en materia migratoria a la poblaci\u00f3n de inter\u00e9s, de acuerdo al marco normativo vigente.\u00a0<\/span><\/p><p><span style=\"font-weight: 400;\">Por otra parte, Psicolog\u00eda brinda un acompa\u00f1amiento cl\u00ednico donde se realiza un abordaje individual que consta de doce sesiones.<\/span><\/p><p><span style=\"font-weight: 400;\">\u00a0<\/span><\/p>\t\t\t\t\t\t\t\t<\/div>\n\t\t\t\t<\/div>\n\t\t\t\t\t<\/div>\n\t\t\t\t<\/div>\n\t\t\t\t\t<\/div>\n\t\t\t\t<\/div>\n\t\t\t\t<\/div>","protected":false},"excerpt":{"rendered":"<p>Servicios Esenciales Servicios Esenciales es la primera etapa de atenci\u00f3n de los Apoyos humanitarios que brinda IRCA CASABIERTA a la poblaci\u00f3n LGBTIQ refugiada, solicitante de refugio y migrante. Esta etapa est\u00e1 pensada como una ruta de actuaci\u00f3n en cuatro \u00e1reas: Veedur\u00eda social, Trabajo Social, Asesor\u00eda Legal y Psicolog\u00eda. Cada una de las \u00e1reas es esencial<\/p>","protected":false},"author":1,"featured_media":0,"parent":0,"menu_order":0,"comment_status":"closed","ping_status":"closed","template":"","meta":{"_rtcl_gb_attr":"","footnotes":""},"class_list":["post-10460","page","type-page","status-publish","hentry"],"yoast_head":"<!-- This site is optimized with the Yoast SEO plugin v27.1.1 - https:\/\/yoast.com\/product\/yoast-seo-wordpress\/ -->\n<title>Servicios Esenciales - IRCA CASABIERTA<\/title>\n<meta name=\"robots\" content=\"index, follow, max-snippet:-1, max-image-preview:large, max-video-preview:-1\" \/>\n<link rel=\"canonical\" href=\"https:\/\/ircacasabierta.org\/en\/servicios-esenciales\/\" \/>\n<meta property=\"og:locale\" content=\"en_US\" \/>\n<meta property=\"og:type\" content=\"article\" \/>\n<meta property=\"og:title\" content=\"Servicios Esenciales - IRCA CASABIERTA\" \/>\n<meta property=\"og:description\" content=\"Servicios Esenciales Servicios Esenciales es la primera etapa de atenci\u00f3n de los Apoyos humanitarios que brinda IRCA CASABIERTA a la poblaci\u00f3n LGBTIQ refugiada, solicitante de refugio y migrante. Esta etapa est\u00e1 pensada como una ruta de actuaci\u00f3n en cuatro \u00e1reas: Veedur\u00eda social, Trabajo Social, Asesor\u00eda Legal y Psicolog\u00eda. Cada una de las \u00e1reas es esencial\" \/>\n<meta property=\"og:url\" content=\"https:\/\/ircacasabierta.org\/en\/servicios-esenciales\/\" \/>\n<meta property=\"og:site_name\" content=\"IRCA CASABIERTA\" \/>\n<meta property=\"article:publisher\" content=\"https:\/\/www.facebook.com\/IRCA.CASABIERTA\" \/>\n<meta property=\"article:modified_time\" content=\"2023-11-24T19:19:00+00:00\" \/>\n<meta name=\"twitter:card\" content=\"summary_large_image\" \/>\n<meta name=\"twitter:site\" content=\"@ICasabierta\" \/>\n<meta name=\"twitter:label1\" content=\"Est. reading time\" \/>\n\t<meta name=\"twitter:data1\" content=\"2 minutes\" \/>\n<script type=\"application\/ld+json\" class=\"yoast-schema-graph\">{\"@context\":\"https:\/\/schema.org\",\"@graph\":[{\"@type\":\"WebPage\",\"@id\":\"https:\/\/ircacasabierta.org\/servicios-esenciales\/\",\"url\":\"https:\/\/ircacasabierta.org\/servicios-esenciales\/\",\"name\":\"Servicios Esenciales - IRCA CASABIERTA\",\"isPartOf\":{\"@id\":\"https:\/\/ircacasabierta.org\/#website\"},\"datePublished\":\"2023-11-24T19:14:41+00:00\",\"dateModified\":\"2023-11-24T19:19:00+00:00\",\"breadcrumb\":{\"@id\":\"https:\/\/ircacasabierta.org\/servicios-esenciales\/#breadcrumb\"},\"inLanguage\":\"en-US\",\"potentialAction\":[{\"@type\":\"ReadAction\",\"target\":[\"https:\/\/ircacasabierta.org\/servicios-esenciales\/\"]}]},{\"@type\":\"BreadcrumbList\",\"@id\":\"https:\/\/ircacasabierta.org\/servicios-esenciales\/#breadcrumb\",\"itemListElement\":[{\"@type\":\"ListItem\",\"position\":1,\"name\":\"Portada\",\"item\":\"https:\/\/ircacasabierta.org\/\"},{\"@type\":\"ListItem\",\"position\":2,\"name\":\"Servicios Esenciales\"}]},{\"@type\":\"WebSite\",\"@id\":\"https:\/\/ircacasabierta.org\/#website\",\"url\":\"https:\/\/ircacasabierta.org\/\",\"name\":\"IRCA CASABIERTA\",\"description\":\"Instituto sobre Migraci\u00f3n y Refugio LGBTIQ para Centroam\u00e9rica\",\"publisher\":{\"@id\":\"https:\/\/ircacasabierta.org\/#organization\"},\"potentialAction\":[{\"@type\":\"SearchAction\",\"target\":{\"@type\":\"EntryPoint\",\"urlTemplate\":\"https:\/\/ircacasabierta.org\/?s={search_term_string}\"},\"query-input\":{\"@type\":\"PropertyValueSpecification\",\"valueRequired\":true,\"valueName\":\"search_term_string\"}}],\"inLanguage\":\"en-US\"},{\"@type\":\"Organization\",\"@id\":\"https:\/\/ircacasabierta.org\/#organization\",\"name\":\"IRCA CASABIERTA\",\"url\":\"https:\/\/ircacasabierta.org\/\",\"logo\":{\"@type\":\"ImageObject\",\"inLanguage\":\"en-US\",\"@id\":\"https:\/\/ircacasabierta.org\/#\/schema\/logo\/image\/\",\"url\":\"https:\/\/ircacasabierta.org\/wp-content\/uploads\/2023\/09\/LOGOTIPO-IRCA-CASABIERTA-COMPLETO.png\",\"contentUrl\":\"https:\/\/ircacasabierta.org\/wp-content\/uploads\/2023\/09\/LOGOTIPO-IRCA-CASABIERTA-COMPLETO.png\",\"width\":1651,\"height\":474,\"caption\":\"IRCA CASABIERTA\"},\"image\":{\"@id\":\"https:\/\/ircacasabierta.org\/#\/schema\/logo\/image\/\"},\"sameAs\":[\"https:\/\/www.facebook.com\/IRCA.CASABIERTA\",\"https:\/\/x.com\/ICasabierta\",\"https:\/\/www.instagram.com\/ircacasabierta\/\"]}]}<\/script>\n<!-- \/ Yoast SEO plugin. -->","yoast_head_json":{"title":"Servicios Esenciales - IRCA CASABIERTA","robots":{"index":"index","follow":"follow","max-snippet":"max-snippet:-1","max-image-preview":"max-image-preview:large","max-video-preview":"max-video-preview:-1"},"canonical":"https:\/\/ircacasabierta.org\/en\/servicios-esenciales\/","og_locale":"en_US","og_type":"article","og_title":"Servicios Esenciales - IRCA CASABIERTA","og_description":"Servicios Esenciales Servicios Esenciales es la primera etapa de atenci\u00f3n de los Apoyos humanitarios que brinda IRCA CASABIERTA a la poblaci\u00f3n LGBTIQ refugiada, solicitante de refugio y migrante. Esta etapa est\u00e1 pensada como una ruta de actuaci\u00f3n en cuatro \u00e1reas: Veedur\u00eda social, Trabajo Social, Asesor\u00eda Legal y Psicolog\u00eda. Cada una de las \u00e1reas es esencial","og_url":"https:\/\/ircacasabierta.org\/en\/servicios-esenciales\/","og_site_name":"IRCA CASABIERTA","article_publisher":"https:\/\/www.facebook.com\/IRCA.CASABIERTA","article_modified_time":"2023-11-24T19:19:00+00:00","twitter_card":"summary_large_image","twitter_site":"@ICasabierta","twitter_misc":{"Est. reading time":"2 minutes"},"schema":{"@context":"https:\/\/schema.org","@graph":[{"@type":"WebPage","@id":"https:\/\/ircacasabierta.org\/servicios-esenciales\/","url":"https:\/\/ircacasabierta.org\/servicios-esenciales\/","name":"Servicios Esenciales - IRCA CASABIERTA","isPartOf":{"@id":"https:\/\/ircacasabierta.org\/#website"},"datePublished":"2023-11-24T19:14:41+00:00","dateModified":"2023-11-24T19:19:00+00:00","breadcrumb":{"@id":"https:\/\/ircacasabierta.org\/servicios-esenciales\/#breadcrumb"},"inLanguage":"en-US","potentialAction":[{"@type":"ReadAction","target":["https:\/\/ircacasabierta.org\/servicios-esenciales\/"]}]},{"@type":"BreadcrumbList","@id":"https:\/\/ircacasabierta.org\/servicios-esenciales\/#breadcrumb","itemListElement":[{"@type":"ListItem","position":1,"name":"Portada","item":"https:\/\/ircacasabierta.org\/"},{"@type":"ListItem","position":2,"name":"Servicios Esenciales"}]},{"@type":"WebSite","@id":"https:\/\/ircacasabierta.org\/#website","url":"https:\/\/ircacasabierta.org\/","name":"IRCA CASABIERTA","description":"Instituto sobre Migraci\u00f3n y Refugio LGBTIQ para Centroam\u00e9rica","publisher":{"@id":"https:\/\/ircacasabierta.org\/#organization"},"potentialAction":[{"@type":"SearchAction","target":{"@type":"EntryPoint","urlTemplate":"https:\/\/ircacasabierta.org\/?s={search_term_string}"},"query-input":{"@type":"PropertyValueSpecification","valueRequired":true,"valueName":"search_term_string"}}],"inLanguage":"en-US"},{"@type":"Organization","@id":"https:\/\/ircacasabierta.org\/#organization","name":"IRCA CASABIERTA","url":"https:\/\/ircacasabierta.org\/","logo":{"@type":"ImageObject","inLanguage":"en-US","@id":"https:\/\/ircacasabierta.org\/#\/schema\/logo\/image\/","url":"https:\/\/ircacasabierta.org\/wp-content\/uploads\/2023\/09\/LOGOTIPO-IRCA-CASABIERTA-COMPLETO.png","contentUrl":"https:\/\/ircacasabierta.org\/wp-content\/uploads\/2023\/09\/LOGOTIPO-IRCA-CASABIERTA-COMPLETO.png","width":1651,"height":474,"caption":"IRCA CASABIERTA"},"image":{"@id":"https:\/\/ircacasabierta.org\/#\/schema\/logo\/image\/"},"sameAs":["https:\/\/www.facebook.com\/IRCA.CASABIERTA","https:\/\/x.com\/ICasabierta","https:\/\/www.instagram.com\/ircacasabierta\/"]}]}},"_links":{"self":[{"href":"https:\/\/ircacasabierta.org\/en\/wp-json\/wp\/v2\/pages\/10460","targetHints":{"allow":["GET"]}}],"collection":[{"href":"https:\/\/ircacasabierta.org\/en\/wp-json\/wp\/v2\/pages"}],"about":[{"href":"https:\/\/ircacasabierta.org\/en\/wp-json\/wp\/v2\/types\/page"}],"author":[{"embeddable":true,"href":"https:\/\/ircacasabierta.org\/en\/wp-json\/wp\/v2\/users\/1"}],"replies":[{"embeddable":true,"href":"https:\/\/ircacasabierta.org\/en\/wp-json\/wp\/v2\/comments?post=10460"}],"version-history":[{"count":8,"href":"https:\/\/ircacasabierta.org\/en\/wp-json\/wp\/v2\/pages\/10460\/revisions"}],"predecessor-version":[{"id":10473,"href":"https:\/\/ircacasabierta.org\/en\/wp-json\/wp\/v2\/pages\/10460\/revisions\/10473"}],"wp:attachment":[{"href":"https:\/\/ircacasabierta.org\/en\/wp-json\/wp\/v2\/media?parent=10460"}],"curies":[{"name":"wp","href":"https:\/\/api.w.org\/{rel}","templated":true}]}}